{"id":97,"date":"2024-04-05T15:55:55","date_gmt":"2024-04-05T18:55:55","guid":{"rendered":"https:\/\/anazulmirabadin.com.br\/site\/?page_id=97"},"modified":"2024-04-05T15:56:09","modified_gmt":"2024-04-05T18:56:09","slug":"abdominoplastia","status":"publish","type":"page","link":"https:\/\/anazulmirabadin.com.br\/site\/abdominoplastia\/","title":{"rendered":"ABDOMINOPLASTIA"},"content":{"rendered":"<div id=\"pl-97\"  class=\"panel-layout\" ><div id=\"pg-97-0\"  class=\"panel-grid panel-no-style\" ><div id=\"pgc-97-0-0\"  class=\"panel-grid-cell\" ><div id=\"panel-97-0-0-0\" class=\"so-panel widget widget_sow-image panel-first-child\" data-index=\"0\" ><div\n\t\t\t\n\t\t\tclass=\"so-widget-sow-image so-widget-sow-image-default-8b5b6f678277-97\"\n\t\t\t\n\t\t>\n<div class=\"sow-image-container\">\n\t\t<img loading=\"lazy\" decoding=\"async\" src=\"https:\/\/anazulmirabadin.com.br\/site\/wp-content\/uploads\/2024\/04\/ABDOMINOPLASTIA.jpg\" width=\"800\" height=\"533\" srcset=\"https:\/\/anazulmirabadin.com.br\/site\/wp-content\/uploads\/2024\/04\/ABDOMINOPLASTIA.jpg 800w, https:\/\/anazulmirabadin.com.br\/site\/wp-content\/uploads\/2024\/04\/ABDOMINOPLASTIA-300x200.jpg 300w, https:\/\/anazulmirabadin.com.br\/site\/wp-content\/uploads\/2024\/04\/ABDOMINOPLASTIA-768x512.jpg 768w, https:\/\/anazulmirabadin.com.br\/site\/wp-content\/uploads\/2024\/04\/ABDOMINOPLASTIA-272x182.jpg 272w\" sizes=\"auto, (max-width: 800px) 100vw, 800px\" alt=\"\" \t\tclass=\"so-widget-image\"\/>\n\t<\/div>\n\n<\/div><\/div><div id=\"panel-97-0-0-1\" class=\"so-panel widget widget_sow-editor panel-last-child\" data-index=\"1\" ><div\n\t\t\t\n\t\t\tclass=\"so-widget-sow-editor so-widget-sow-editor-base\"\n\t\t\t\n\t\t>\n<div class=\"siteorigin-widget-tinymce textwidget\">\n\t<p><strong>ABDOMINOPLASTIA<\/strong><\/p>\n<p><strong>O QUE \u00c9?<\/strong><br \/>\nAbdominoplastia \u00e9 a pl\u00e1stica de abdome que retira o excesso de pele e gordura abaixo do umbigo, al\u00e9m de tratar da musculatura abdominal.<\/p>\n<p><strong>O QUE VOC\u00ca PRECISA SABER<\/strong><\/p>\n<p><strong>Cicatriz<\/strong><br \/>\nFica no mesmo local da cicatriz de Ces\u00e1ria. Varia em comprimento conforme o volume do abdome. Existe uma tend\u00eancia de acompanhar a marca do traje de banho, hoje em dia mais cavado.<\/p>\n<p><strong>Gravidez<\/strong><br \/>\nA cirurgia somente poder\u00e1 ser realizada ap\u00f3s 6 meses de uma gesta\u00e7\u00e3o, quando os tecidos org\u00e2nicos j\u00e1 retomaram ao normal. Decidida a abdominoplastia, recomenda-se programar um m\u00e9todo contraceptivo eficaz j\u00e1 que uma gravidez posterior poder\u00e1<br \/>\ncomprometer todo o resultado j\u00e1 obtido.<\/p>\n<p><strong>Anestesia<\/strong><br \/>\nPode ser peridural ou geral.<\/p>\n<p><strong>PR\u00c9-OPERAT\u00d3RIO<\/strong><\/p>\n<p>1) Exames complementares a serem especificados.<br \/>\n2) Fotografia do abdome, \u00e9 importante para avalia\u00e7\u00e3o, programa\u00e7\u00e3o cir\u00fargica e documenta\u00e7\u00e3o.<br \/>\n3) Providencie um modelador (cinta) e leve-o \u00e0 cl\u00ednica no dia da cirurgia.<br \/>\n4) Compare\u00e7a na cl\u00ednica no dia e hor\u00e1rio combinados, de prefer\u00eancia acompanhado(a).<br \/>\n5) N\u00e3o leve para a cl\u00ednica joias e outros objetos de valor.<br \/>\n6) N\u00e3o pinte as unhas.<br \/>\n7) Qualquer intercorr\u00eancia como doen\u00e7as (gripe, febre, infec\u00e7\u00e3o) ou outros motivos que acarretem a suspens\u00e3o da cirurgia, avise com anteced\u00eancia. 8) Pode ser feito uso de Arnica para evitar equimoses (roxos). Este deve ser iniciado de uma semana a dez dias antes da cirurgia. Fa\u00e7a uma avalia\u00e7\u00e3o com o cl\u00ednico para orienta\u00e7\u00e3o de medica\u00e7\u00f5es pr\u00e9-operat\u00f3rias importantes na cicatriza\u00e7\u00e3o e equil\u00edbrio do organismo, visando uma melhor recupera\u00e7\u00e3o.<\/p>\n<p><strong>CUIDADOS<\/strong><\/p>\n<p>1) Jejum de no m\u00ednimo 6 horas antes do in\u00edcio da cirurgia.<br \/>\n2) Medica\u00e7\u00e3o para hipertens\u00e3o e outras doen\u00e7as deve ser informada para posterior orienta\u00e7\u00e3o.<br \/>\n3) N\u00e3o tome medica\u00e7\u00e3o que contenha \u00e1cido acetil salic\u00edlico (ex.: AAS,<br \/>\nRhonal, Buferin, Aspirina), uma semana antes e uma semana ap\u00f3s a<br \/>\ncirurgia porque aumenta o sangramento.<br \/>\n4) Abandone medicamentos para emagrecimento 15 dias antes da cirurgia.<br \/>\n5) N\u00e3o fume 15 dias antes e 15 dias ap\u00f3s a cirurgia.<br \/>\nQue tal aproveitar para parar de fumar?<\/p>\n<p><strong>P\u00d3S-OPERAT\u00d3RIO<\/strong><\/p>\n<p><strong>Dor<\/strong><br \/>\nN\u00e3o \u00e9 significativa, por\u00e9m a sensibilidade \u00e9 individual.<\/p>\n<p><strong>Tempo de Internamento<\/strong><br \/>\nGeralmente, de 24 a 48 horas.<\/p>\n<p><strong>Primeiros Curativos<\/strong><br \/>\nCurativo com atadura logo ap\u00f3s a cirurgia, o qual ser\u00e1 trocado no primeiro dia e permanecer\u00e1 por 15 dias. Al\u00e9m disso, \u00e9 mandat\u00f3rio o uso do<br \/>\nmodelador por cima do curativo.<\/p>\n<p><strong>Postura<\/strong><br \/>\nAnde o mais ereto poss\u00edvel.<\/p>\n<p><strong>Banho<\/strong><br \/>\nBanho de chuveiro, 24 horas ap\u00f3s a alta. Seque o micropore com secador<br \/>\nde cabelo.<\/p>\n<p><strong>Vestimentas<\/strong><br \/>\nProcure usar roupas folgadas que n\u00e3o apertem na regi\u00e3o do abdome.<\/p>\n<p><strong>Alimenta\u00e7\u00e3o<\/strong><br \/>\nNormal. Evite bebidas com g\u00e1s e alimente-se com menores quantidades.<\/p>\n<p><strong>Esfor\u00e7os F\u00edsicos<\/strong><br \/>\nN\u00e3o dirija e n\u00e3o erga peso por um m\u00eas.<br \/>\nGin\u00e1stica e nata\u00e7\u00e3o ap\u00f3s quatro meses. Caminhadas progressivas poder\u00e3o ser iniciadas ap\u00f3s um m\u00eas.<br \/>\nEvite salto alto.<\/p>\n<p><strong>Retirada dos pontos<\/strong><br \/>\nOs pontos s\u00e3o internos e absorvidos pelo organismo, n\u00e3o necessitam ser<br \/>\nretirados.<\/p>\n<p><strong>Rela\u00e7\u00e3o Sexual<\/strong><br \/>\nAp\u00f3s tr\u00eas semanas, rela\u00e7\u00e3o sexual moderada.<\/p>\n<p><strong>Curativos ap\u00f3s a Alta<\/strong><br \/>\nUso de micropore 50 mm durante dois meses, com troca uma vez por<br \/>\nsemana.<\/p>\n<p><strong>Modelador<\/strong><br \/>\nUso constante, dia e noite, durante dois meses.<\/p>\n<p><strong>Sol<\/strong><br \/>\nExponha o abdome ao sol somente ap\u00f3s um m\u00eas.<\/p>\n<p><strong>Massagem<\/strong><br \/>\n\u00c9 recomendada a massagem suave de drenagem linf\u00e1tica durante 2 meses, a qual auxilia na recupera\u00e7\u00e3o diminuindo o edema (incha\u00e7o) mais rapidamente e ajudando na dissolu\u00e7\u00e3o de pequenos hematomas.<\/p>\n<p><strong>Sensibilidade<\/strong><br \/>\nNormalmente, ocorre uma diminui\u00e7\u00e3o da sensibilidade da regi\u00e3o. A<br \/>\nrecupera\u00e7\u00e3o \u00e9 gradativa, podendo restar pequena \u00e1rea menos sens\u00edvel.<\/p>\n<p><strong>\"SER\u00c1 QUE ISTO VAI DESAPARECER?\"<\/strong><br \/>\nToda cirurgia envolve um per\u00edodo pr\u00f3prio de recupera\u00e7\u00e3o. De tempo ao tempo, que seu organismo se encarrega de dissipar pequenos transtornos que infalivelmente chamar\u00e3o a aten\u00e7\u00e3o de alguma pessoa que n\u00e3o se furtar\u00e1 \u00e0 observa\u00e7\u00e3o: \"Ser\u00e1 que isto vai desaparecer?\" N\u00e3o deixe de nos transmitir qualquer tipo de preocupa\u00e7\u00e3o, daremos os esclarecimentos necess\u00e1rios para sua tranquilidade.<\/p>\n<p><strong>RESULTADO<\/strong><\/p>\n<p>Durante os primeiros quatro meses p\u00f3s cir\u00fargicos, a regi\u00e3o apresentar-se-\u00e1 um pouco edemaciada (inchada), havendo com o passar do tempo, uma acomoda\u00e7\u00e3o gradativa de tecidos org\u00e2nicos.<\/p>\n<p>A cicatriz estar\u00e1 inicialmente mais avermelhada e endurecida, para ent\u00e3o tomar-se mais p\u00e1lida e delgada. Este processo \u00e9 lento e poder\u00e1 levar v\u00e1rios meses. No entanto, n\u00e3o se pode prever exatamente como vai resultar, uma vez que o processo n\u00e3o depende somente da t\u00e9cnica empregada e dos cuidados p\u00f3s-operat\u00f3rios, mas tamb\u00e9m de fatores individuais.<\/p>\n<p>Passados os quatro meses iniciais, procede-se uma reavalia\u00e7\u00e3o e nova fotografia para compara\u00e7\u00e3o do pr\u00e9 e p\u00f3s-operat\u00f3rio (antes e depois). Se esta reavalia\u00e7\u00e3o indicar a necessidade de algum retoque, procedimento considerado comum em cirurgia pl\u00e1stica, este dever\u00e1 ser realizado ap\u00f3s o 6 m\u00eas e no per\u00edodo m\u00e1ximo de 10 meses ap\u00f3s a cirurgia.<\/p>\n<\/div>\n<\/div><\/div><\/div><\/div><\/div>","protected":false},"excerpt":{"rendered":"<p>ABDOMINOPLASTIA O QUE \u00c9? Abdominoplastia \u00e9 a pl\u00e1stica de abdome que retira o excesso de pele e gordura abaixo do umbigo, al\u00e9m de tratar da musculatura abdominal. O QUE VOC\u00ca PRECISA SABER Cicatriz Fica no mesmo local da cicatriz de Ces\u00e1ria. Varia em comprimento conforme o volume do abdome. Existe uma tend\u00eancia de acompanhar a&hellip;&nbsp;<a href=\"https:\/\/anazulmirabadin.com.br\/site\/abdominoplastia\/\" rel=\"bookmark\">Continue a ler &raquo;<span class=\"screen-reader-text\">ABDOMINOPLASTIA<\/span><\/a><\/p>\n","protected":false},"author":1,"featured_media":0,"parent":0,"menu_order":0,"comment_status":"closed","ping_status":"closed","template":"","meta":{"neve_meta_sidebar":"full-width","neve_meta_container":"","neve_meta_enable_content_width":"off","neve_meta_content_width":100,"neve_meta_title_alignment":"","neve_meta_author_avatar":"","neve_post_elements_order":"","neve_meta_disable_header":"","neve_meta_disable_footer":"","neve_meta_disable_title":"on","footnotes":""},"class_list":["post-97","page","type-page","status-publish","hentry"],"_links":{"self":[{"href":"https:\/\/anazulmirabadin.com.br\/site\/wp-json\/wp\/v2\/pages\/97","targetHints":{"allow":["GET"]}}],"collection":[{"href":"https:\/\/anazulmirabadin.com.br\/site\/wp-json\/wp\/v2\/pages"}],"about":[{"href":"https:\/\/anazulmirabadin.com.br\/site\/wp-json\/wp\/v2\/types\/page"}],"author":[{"embeddable":true,"href":"https:\/\/anazulmirabadin.com.br\/site\/wp-json\/wp\/v2\/users\/1"}],"replies":[{"embeddable":true,"href":"https:\/\/anazulmirabadin.com.br\/site\/wp-json\/wp\/v2\/comments?post=97"}],"version-history":[{"count":2,"href":"https:\/\/anazulmirabadin.com.br\/site\/wp-json\/wp\/v2\/pages\/97\/revisions"}],"predecessor-version":[{"id":100,"href":"https:\/\/anazulmirabadin.com.br\/site\/wp-json\/wp\/v2\/pages\/97\/revisions\/100"}],"wp:attachment":[{"href":"https:\/\/anazulmirabadin.com.br\/site\/wp-json\/wp\/v2\/media?parent=97"}],"curies":[{"name":"wp","href":"https:\/\/api.w.org\/{rel}","templated":true}]}}