{"id":94,"date":"2024-04-05T15:50:44","date_gmt":"2024-04-05T18:50:44","guid":{"rendered":"https:\/\/anazulmirabadin.com.br\/site\/?page_id=94"},"modified":"2024-04-05T16:51:56","modified_gmt":"2024-04-05T19:51:56","slug":"cirurgias-corporais","status":"publish","type":"page","link":"https:\/\/anazulmirabadin.com.br\/site\/cirurgias-corporais\/","title":{"rendered":"Cirurgias corporais"},"content":{"rendered":"<div id=\"pl-94\"  class=\"panel-layout\" ><div id=\"pg-94-0\"  class=\"panel-grid panel-no-style\" ><div id=\"pgc-94-0-0\"  class=\"panel-grid-cell\" ><div id=\"panel-94-0-0-0\" class=\"so-panel widget widget_sow-editor panel-first-child panel-last-child\" data-index=\"0\" ><div class=\"panel-widget-style panel-widget-style-for-94-0-0-0\" ><div\n\t\t\t\n\t\t\tclass=\"so-widget-sow-editor so-widget-sow-editor-base\"\n\t\t\t\n\t\t>\n<div class=\"siteorigin-widget-tinymce textwidget\">\n\t<p><a href=\"https:\/\/anazulmirabadin.com.br\/site\/abdominoplastia\/\">ABDOMINOPLASTIA<\/a><\/p>\n<p><a href=\"https:\/\/anazulmirabadin.com.br\/site\/lipoaspiracao\/\">LIPOASPIRA\u00c7\u00c3O<\/a><\/p>\n<p><a href=\"https:\/\/anazulmirabadin.com.br\/site\/mamoplastia-redutora\/\">MAMOPLASTIA REDUTORA<\/a><\/p>\n<p><a href=\"https:\/\/anazulmirabadin.com.br\/site\/protese-de-panturilha\/\">PR\u00d3TESE DE PANTURILHA<\/a><\/p>\n<p><a href=\"https:\/\/anazulmirabadin.com.br\/site\/protese-glutea\/\">PR\u00d3TESE GL\u00daTEA<\/a><\/p>\n<\/div>\n<\/div><\/div><\/div><\/div><\/div><\/div>","protected":false},"excerpt":{"rendered":"<p>ABDOMINOPLASTIA LIPOASPIRA\u00c7\u00c3O MAMOPLASTIA REDUTORA PR\u00d3TESE DE PANTURILHA PR\u00d3TESE GL\u00daTEA<\/p>\n","protected":false},"author":1,"featured_media":0,"parent":0,"menu_order":0,"comment_status":"closed","ping_status":"closed","template":"","meta":{"neve_meta_sidebar":"full-width","neve_meta_container":"","neve_meta_enable_content_width":"off","neve_meta_content_width":100,"neve_meta_title_alignment":"","neve_meta_author_avatar":"","neve_post_elements_order":"","neve_meta_disable_header":"","neve_meta_disable_footer":"","neve_meta_disable_title":"on","footnotes":""},"class_list":["post-94","page","type-page","status-publish","hentry"],"_links":{"self":[{"href":"https:\/\/anazulmirabadin.com.br\/site\/wp-json\/wp\/v2\/pages\/94","targetHints":{"allow":["GET"]}}],"collection":[{"href":"https:\/\/anazulmirabadin.com.br\/site\/wp-json\/wp\/v2\/pages"}],"about":[{"href":"https:\/\/anazulmirabadin.com.br\/site\/wp-json\/wp\/v2\/types\/page"}],"author":[{"embeddable":true,"href":"https:\/\/anazulmirabadin.com.br\/site\/wp-json\/wp\/v2\/users\/1"}],"replies":[{"embeddable":true,"href":"https:\/\/anazulmirabadin.com.br\/site\/wp-json\/wp\/v2\/comments?post=94"}],"version-history":[{"count":4,"href":"https:\/\/anazulmirabadin.com.br\/site\/wp-json\/wp\/v2\/pages\/94\/revisions"}],"predecessor-version":[{"id":162,"href":"https:\/\/anazulmirabadin.com.br\/site\/wp-json\/wp\/v2\/pages\/94\/revisions\/162"}],"wp:attachment":[{"href":"https:\/\/anazulmirabadin.com.br\/site\/wp-json\/wp\/v2\/media?parent=94"}],"curies":[{"name":"wp","href":"https:\/\/api.w.org\/{rel}","templated":true}]}}