{"id":40,"date":"2024-04-04T15:33:06","date_gmt":"2024-04-04T18:33:06","guid":{"rendered":"https:\/\/anazulmirabadin.com.br\/site\/?page_id=40"},"modified":"2024-04-10T16:36:07","modified_gmt":"2024-04-10T19:36:07","slug":"sobre-mim","status":"publish","type":"page","link":"https:\/\/anazulmirabadin.com.br\/site\/sobre-mim\/","title":{"rendered":"SOBRE MIM"},"content":{"rendered":"<div id=\"pl-40\"  class=\"panel-layout\" ><div id=\"pg-40-0\"  class=\"panel-grid panel-no-style\" ><div id=\"pgc-40-0-0\"  class=\"panel-grid-cell\" ><div id=\"panel-40-0-0-0\" class=\"so-panel widget widget_sow-editor panel-first-child panel-last-child\" data-index=\"0\" ><div\n\t\t\t\n\t\t\tclass=\"so-widget-sow-editor so-widget-sow-editor-base\"\n\t\t\t\n\t\t>\n<div class=\"siteorigin-widget-tinymce textwidget\">\n\t<p><strong>DRA. ANA ZULMIRA BADIN<\/strong><\/p>\n<p>Formada em Medicina pela Universidade Federal do Paran\u00e1 em 1980, fez resid\u00eancia em cirurgia geral no Hospital Nossa Senhora das Gra\u00e7as. Posteriormente, especializou-se em Cirurgia Pl\u00e1stica no renomado Servi\u00e7o de Cirurgia Pl\u00e1stica do Hospital Sociedade Portuguesa de Benefic\u00eancia, em Porto Alegre, e complementou sua forma\u00e7\u00e3o com resid\u00eancia em Microcirurgia nos servi\u00e7os de Porto Alegre e no Institut Fran\u00e7aise de la Main, em Paris. Al\u00e9m disso, teve o privil\u00e9gio de ser membro do Conselho Regional de Medicina do Estado do Paran\u00e1.<\/p>\n<p>Ao longo de sua carreira, ela contribuiu com uma variedade de artigos em publica\u00e7\u00f5es nacionais e internacionais, al\u00e9m de coautoria em livros sobre temas como Rejuvenescimento Facial a Laser, Rejuvenescimento Facial Cir\u00fargico Endosc\u00f3pico e Procedimentos Ancilares.<\/p>\n<p>No cen\u00e1rio internacional de cirurgia pl\u00e1stica, ela se destaca, especialmente em congressos, pelo seu trabalho significativo no Rejuvenescimento Facial a Laser e no \"Lifting Facial Endosc\u00f3pico\". Este procedimento visa rejuvenescer o rosto por meio do reposicionamento de tecidos fl\u00e1cidos.<\/p>\n<\/div>\n<\/div><\/div><\/div><div id=\"pgc-40-0-1\"  class=\"panel-grid-cell\" ><div id=\"panel-40-0-1-0\" class=\"so-panel widget widget_sow-image panel-first-child panel-last-child\" data-index=\"1\" ><div\n\t\t\t\n\t\t\tclass=\"so-widget-sow-image so-widget-sow-image-default-8b5b6f678277-40\"\n\t\t\t\n\t\t>\n<div class=\"sow-image-container\">\n\t\t<img loading=\"lazy\" decoding=\"async\" src=\"https:\/\/anazulmirabadin.com.br\/site\/wp-content\/uploads\/2024\/04\/DRA.-ANA-ZULMIRA-BADIN.jpg\" width=\"559\" height=\"631\" srcset=\"https:\/\/anazulmirabadin.com.br\/site\/wp-content\/uploads\/2024\/04\/DRA.-ANA-ZULMIRA-BADIN.jpg 559w, https:\/\/anazulmirabadin.com.br\/site\/wp-content\/uploads\/2024\/04\/DRA.-ANA-ZULMIRA-BADIN-266x300.jpg 266w\" sizes=\"auto, (max-width: 559px) 100vw, 559px\" title=\"ACREDITE\" alt=\"\" \t\tclass=\"so-widget-image\"\/>\n\t<\/div>\n\n<\/div><\/div><\/div><\/div><div id=\"pg-40-1\"  class=\"panel-grid panel-has-style\" ><div class=\"siteorigin-panels-stretch panel-row-style panel-row-style-for-40-1\" data-stretch-type=\"full\" ><div id=\"pgc-40-1-0\"  class=\"panel-grid-cell\" ><div id=\"panel-40-1-0-0\" class=\"so-panel widget widget_sow-editor panel-first-child\" data-index=\"2\" ><div\n\t\t\t\n\t\t\tclass=\"so-widget-sow-editor so-widget-sow-editor-base\"\n\t\t\t\n\t\t>\n<div class=\"siteorigin-widget-tinymce textwidget\">\n\t<h1 style=\"text-align: center;\">Contatos<\/h1>\n<\/div>\n<\/div><\/div><div id=\"panel-40-1-0-1\" class=\"so-panel widget widget_sow-social-media-buttons\" data-index=\"3\" ><div class=\"panel-widget-style panel-widget-style-for-40-1-0-1\" ><div\n\t\t\t\n\t\t\tclass=\"so-widget-sow-social-media-buttons so-widget-sow-social-media-buttons-atom-31b852ff7387-40\"\n\t\t\t\n\t\t>\n\n<div class=\"social-media-button-container\">\n\t\n\t\t<a class=\"ow-button-hover sow-social-media-button-phone-0 sow-social-media-button\" title=\"Phone Ana Zulmira Badin\" aria-label=\"Phone Ana Zulmira Badin\" href=\"tel:+554132268886\" >\n\t\t\t<span>\n\t\t\t\t\t\t\t\t<span class=\"sow-icon-fontawesome sow-fas\" data-sow-icon=\"&#xf095;\"\n\t\t \n\t\taria-hidden=\"true\"><\/span>\t\t\t\t\t\t\t<\/span>\n\t\t<\/a>\n\t\n\t\t<a class=\"ow-button-hover sow-social-media-button-whatsapp-0 sow-social-media-button\" title=\"Ana Zulmira Badin em Whatsapp\" aria-label=\"Ana Zulmira Badin em Whatsapp\" target=\"_blank\" rel=\"noopener noreferrer\" href=\"https:\/\/api.whatsapp.com\/send?phone=5541988860661&#038;text=Ol%C3%A1%20Ana%20Zulmira%20Badin!%20Estava%20vendo%20seu%20site%20e%20gostaria%20de%20falar%20com%20voc%C3%AA.\" >\n\t\t\t<span>\n\t\t\t\t\t\t\t\t<span class=\"sow-icon-fontawesome sow-fab\" data-sow-icon=\"&#xf232;\"\n\t\t \n\t\taria-hidden=\"true\"><\/span>\t\t\t\t\t\t\t<\/span>\n\t\t<\/a>\n\t\n\t\t<a class=\"ow-button-hover sow-social-media-button-instagram-0 sow-social-media-button\" title=\"Ana Zulmira Badin em Instagram\" aria-label=\"Ana Zulmira Badin em Instagram\" target=\"_blank\" rel=\"noopener noreferrer\" href=\"https:\/\/www.instagram.com\/dra.anazulmira\/\" >\n\t\t\t<span>\n\t\t\t\t\t\t\t\t<span class=\"sow-icon-fontawesome sow-fab\" data-sow-icon=\"&#xf16d;\"\n\t\t \n\t\taria-hidden=\"true\"><\/span>\t\t\t\t\t\t\t<\/span>\n\t\t<\/a>\n\t\n\t\t<a class=\"ow-button-hover sow-social-media-button-facebook-0 sow-social-media-button\" title=\"Ana Zulmira Badin em Facebook\" aria-label=\"Ana Zulmira Badin em Facebook\" target=\"_blank\" rel=\"noopener noreferrer\" href=\"https:\/\/www.facebook.com\/dra.anazulmira\" >\n\t\t\t<span>\n\t\t\t\t\t\t\t\t<span class=\"sow-icon-fontawesome sow-fab\" data-sow-icon=\"&#xf39e;\"\n\t\t \n\t\taria-hidden=\"true\"><\/span>\t\t\t\t\t\t\t<\/span>\n\t\t<\/a>\n\t<\/div>\n<\/div><\/div><\/div><div id=\"panel-40-1-0-2\" class=\"so-panel widget widget_sow-editor panel-last-child\" data-index=\"4\" ><div class=\"panel-widget-style panel-widget-style-for-40-1-0-2\" ><div\n\t\t\t\n\t\t\tclass=\"so-widget-sow-editor so-widget-sow-editor-base\"\n\t\t\t\n\t\t>\n<div class=\"siteorigin-widget-tinymce textwidget\">\n\t<p style=\"text-align: center;\"><a href=\"https:\/\/laurawolfmiranda.com.br\/\">Realizado por Laura Wolf Miranda Assessoria em Comunica\u00e7\u00e3o<\/a><\/p>\n<\/div>\n<\/div><\/div><\/div><\/div><\/div><\/div><\/div>","protected":false},"excerpt":{"rendered":"<p>DRA. ANA ZULMIRA BADIN Formada em Medicina pela Universidade Federal do Paran\u00e1 em 1980, fez resid\u00eancia em cirurgia geral no Hospital Nossa Senhora das Gra\u00e7as. Posteriormente, especializou-se em Cirurgia Pl\u00e1stica no renomado Servi\u00e7o de Cirurgia Pl\u00e1stica do Hospital Sociedade Portuguesa de Benefic\u00eancia, em Porto Alegre, e complementou sua forma\u00e7\u00e3o com resid\u00eancia em Microcirurgia nos servi\u00e7os&hellip;&nbsp;<a href=\"https:\/\/anazulmirabadin.com.br\/site\/sobre-mim\/\" rel=\"bookmark\">Continue a ler &raquo;<span class=\"screen-reader-text\">SOBRE MIM<\/span><\/a><\/p>\n","protected":false},"author":1,"featured_media":0,"parent":0,"menu_order":0,"comment_status":"closed","ping_status":"closed","template":"","meta":{"neve_meta_sidebar":"full-width","neve_meta_container":"","neve_meta_enable_content_width":"off","neve_meta_content_width":100,"neve_meta_title_alignment":"","neve_meta_author_avatar":"","neve_post_elements_order":"","neve_meta_disable_header":"","neve_meta_disable_footer":"","neve_meta_disable_title":"on","footnotes":""},"class_list":["post-40","page","type-page","status-publish","hentry"],"_links":{"self":[{"href":"https:\/\/anazulmirabadin.com.br\/site\/wp-json\/wp\/v2\/pages\/40","targetHints":{"allow":["GET"]}}],"collection":[{"href":"https:\/\/anazulmirabadin.com.br\/site\/wp-json\/wp\/v2\/pages"}],"about":[{"href":"https:\/\/anazulmirabadin.com.br\/site\/wp-json\/wp\/v2\/types\/page"}],"author":[{"embeddable":true,"href":"https:\/\/anazulmirabadin.com.br\/site\/wp-json\/wp\/v2\/users\/1"}],"replies":[{"embeddable":true,"href":"https:\/\/anazulmirabadin.com.br\/site\/wp-json\/wp\/v2\/comments?post=40"}],"version-history":[{"count":7,"href":"https:\/\/anazulmirabadin.com.br\/site\/wp-json\/wp\/v2\/pages\/40\/revisions"}],"predecessor-version":[{"id":329,"href":"https:\/\/anazulmirabadin.com.br\/site\/wp-json\/wp\/v2\/pages\/40\/revisions\/329"}],"wp:attachment":[{"href":"https:\/\/anazulmirabadin.com.br\/site\/wp-json\/wp\/v2\/media?parent=40"}],"curies":[{"name":"wp","href":"https:\/\/api.w.org\/{rel}","templated":true}]}}