{"id":152,"date":"2024-04-05T16:41:03","date_gmt":"2024-04-05T19:41:03","guid":{"rendered":"https:\/\/anazulmirabadin.com.br\/site\/?page_id=152"},"modified":"2024-04-05T16:41:03","modified_gmt":"2024-04-05T19:41:03","slug":"rejuvenescimento-com-luz-intensa-pulsada","status":"publish","type":"page","link":"https:\/\/anazulmirabadin.com.br\/site\/rejuvenescimento-com-luz-intensa-pulsada\/","title":{"rendered":"REJUVENESCIMENTO COM LUZ INTENSA PULSADA"},"content":{"rendered":"<div id=\"pl-152\"  class=\"panel-layout\" ><div id=\"pg-152-0\"  class=\"panel-grid panel-no-style\" ><div id=\"pgc-152-0-0\"  class=\"panel-grid-cell\" ><div id=\"panel-152-0-0-0\" class=\"so-panel widget widget_sow-image panel-first-child\" data-index=\"0\" ><div\n\t\t\t\n\t\t\tclass=\"so-widget-sow-image so-widget-sow-image-default-8b5b6f678277-152\"\n\t\t\t\n\t\t>\n<div class=\"sow-image-container\">\n\t\t<img loading=\"lazy\" decoding=\"async\" src=\"https:\/\/anazulmirabadin.com.br\/site\/wp-content\/uploads\/2024\/04\/REJUVENESCIMENTO-COM-LUZ-INTENSA-PULSADA.jpg\" width=\"800\" height=\"535\" srcset=\"https:\/\/anazulmirabadin.com.br\/site\/wp-content\/uploads\/2024\/04\/REJUVENESCIMENTO-COM-LUZ-INTENSA-PULSADA.jpg 800w, https:\/\/anazulmirabadin.com.br\/site\/wp-content\/uploads\/2024\/04\/REJUVENESCIMENTO-COM-LUZ-INTENSA-PULSADA-300x201.jpg 300w, https:\/\/anazulmirabadin.com.br\/site\/wp-content\/uploads\/2024\/04\/REJUVENESCIMENTO-COM-LUZ-INTENSA-PULSADA-768x514.jpg 768w, https:\/\/anazulmirabadin.com.br\/site\/wp-content\/uploads\/2024\/04\/REJUVENESCIMENTO-COM-LUZ-INTENSA-PULSADA-272x182.jpg 272w\" sizes=\"auto, (max-width: 800px) 100vw, 800px\" alt=\"REJUVENESCIMENTO COM LUZ INTENSA PULSADA\" \t\tclass=\"so-widget-image\"\/>\n\t<\/div>\n\n<\/div><\/div><div id=\"panel-152-0-0-1\" class=\"so-panel widget widget_sow-editor panel-last-child\" data-index=\"1\" ><div\n\t\t\t\n\t\t\tclass=\"so-widget-sow-editor so-widget-sow-editor-base\"\n\t\t\t\n\t\t>\n<div class=\"siteorigin-widget-tinymce textwidget\">\n\t<p><strong>REJUVENESCIMENTO COM LUZ INTENSA PULSADA<\/strong><\/p>\n<p>\u00c9 um tratamento n\u00e3o invasivo que n\u00e3o necessita de anestesia. Pode ser feito no consult\u00f3rio e n\u00e3o fere a pele, permitindo ao paciente retornar \u00e0s suas atividades profissionais e\/ou sociais no mesmo dia. \u00c9 indicado para tratamentos como:<\/p>\n<p>\u2022 Rugas finas<br \/>\n\u2022 Poros dilatados<br \/>\n\u2022 Melhora da textura e firmeza da pele<br \/>\n\u2022 Melanoses, sardas e outras pigmenta\u00e7\u00f5es<br \/>\n\u2022 Manchas avermelhadas, pequenos vasos dilatados (ros\u00e1cea)<\/p>\n<p><strong>O QUE O REJUVENESCIMENTO COM LIP PODE TRATAR E O QUE PODE MELHORAR?<\/strong><\/p>\n<p>O rejuvenescimento com LIP pode atuar em dois n\u00edveis: o superficial, reduzindo manchas como melanoses, sardas, pigmenta\u00e7\u00f5es e pequenos vasos na regi\u00e3o do nariz e em todo o rosto. Estimula o col\u00e1geno, reduzindo as irregularidades como rugas e cicatrizes.<\/p>\n<p><strong>COMO \u00c9 REALIZADO O PROCEDIMENTO COM LIP?<\/strong><\/p>\n<p>Aplica-se um gel gelado sobre a pele e, atrav\u00e9s de um cristal aplicador, disparam-se pulsos luminosos. O paciente poder\u00e1 sentir um leve ardor. N\u00e3o h\u00e1 necessidade de pomada anest\u00e9sica e cada sess\u00e3o dura de 15 a 20 minutos.<\/p>\n<p><strong>QUANTAS SESS\u00d5ES S\u00c3O NECESS\u00c1RIAS?<\/strong><\/p>\n<p>Em geral, s\u00e3o necess\u00e1rias de 5 a 6 sess\u00f5es, dependendo da intensidade do problema e, ap\u00f3s a segunda sess\u00e3o, pode-se notar maciez e fechamento dos poros.<\/p>\n<\/div>\n<\/div><\/div><\/div><\/div><\/div>","protected":false},"excerpt":{"rendered":"<p>REJUVENESCIMENTO COM LUZ INTENSA PULSADA \u00c9 um tratamento n\u00e3o invasivo que n\u00e3o necessita de anestesia. Pode ser feito no consult\u00f3rio e n\u00e3o fere a pele, permitindo ao paciente retornar \u00e0s suas atividades profissionais e\/ou sociais no mesmo dia. \u00c9 indicado para tratamentos como: \u2022 Rugas finas \u2022 Poros dilatados \u2022 Melhora da textura e firmeza&hellip;&nbsp;<a href=\"https:\/\/anazulmirabadin.com.br\/site\/rejuvenescimento-com-luz-intensa-pulsada\/\" rel=\"bookmark\">Continue a ler &raquo;<span class=\"screen-reader-text\">REJUVENESCIMENTO COM LUZ INTENSA PULSADA<\/span><\/a><\/p>\n","protected":false},"author":1,"featured_media":0,"parent":0,"menu_order":0,"comment_status":"closed","ping_status":"closed","template":"","meta":{"neve_meta_sidebar":"full-width","neve_meta_container":"","neve_meta_enable_content_width":"off","neve_meta_content_width":100,"neve_meta_title_alignment":"","neve_meta_author_avatar":"","neve_post_elements_order":"","neve_meta_disable_header":"","neve_meta_disable_footer":"","neve_meta_disable_title":"on","footnotes":""},"class_list":["post-152","page","type-page","status-publish","hentry"],"_links":{"self":[{"href":"https:\/\/anazulmirabadin.com.br\/site\/wp-json\/wp\/v2\/pages\/152","targetHints":{"allow":["GET"]}}],"collection":[{"href":"https:\/\/anazulmirabadin.com.br\/site\/wp-json\/wp\/v2\/pages"}],"about":[{"href":"https:\/\/anazulmirabadin.com.br\/site\/wp-json\/wp\/v2\/types\/page"}],"author":[{"embeddable":true,"href":"https:\/\/anazulmirabadin.com.br\/site\/wp-json\/wp\/v2\/users\/1"}],"replies":[{"embeddable":true,"href":"https:\/\/anazulmirabadin.com.br\/site\/wp-json\/wp\/v2\/comments?post=152"}],"version-history":[{"count":2,"href":"https:\/\/anazulmirabadin.com.br\/site\/wp-json\/wp\/v2\/pages\/152\/revisions"}],"predecessor-version":[{"id":699,"href":"https:\/\/anazulmirabadin.com.br\/site\/wp-json\/wp\/v2\/pages\/152\/revisions\/699"}],"wp:attachment":[{"href":"https:\/\/anazulmirabadin.com.br\/site\/wp-json\/wp\/v2\/media?parent=152"}],"curies":[{"name":"wp","href":"https:\/\/api.w.org\/{rel}","templated":true}]}}