{"id":143,"date":"2024-04-05T16:33:23","date_gmt":"2024-04-05T19:33:23","guid":{"rendered":"https:\/\/anazulmirabadin.com.br\/site\/?page_id=143"},"modified":"2024-04-10T15:38:33","modified_gmt":"2024-04-10T18:38:33","slug":"laser","status":"publish","type":"page","link":"https:\/\/anazulmirabadin.com.br\/site\/laser\/","title":{"rendered":"Laser"},"content":{"rendered":"<div id=\"pl-143\"  class=\"panel-layout\" ><div id=\"pg-143-0\"  class=\"panel-grid panel-no-style\" ><div id=\"pgc-143-0-0\"  class=\"panel-grid-cell\" ><div id=\"panel-143-0-0-0\" class=\"so-panel widget widget_sow-editor panel-first-child panel-last-child\" data-index=\"0\" ><div class=\"panel-widget-style panel-widget-style-for-143-0-0-0\" ><div\n\t\t\t\n\t\t\tclass=\"so-widget-sow-editor so-widget-sow-editor-base\"\n\t\t\t\n\t\t>\n<div class=\"siteorigin-widget-tinymce textwidget\">\n\t<p><a href=\"https:\/\/anazulmirabadin.com.br\/site\/laser-rejuvenescimento-facial\/\">LASER REJUVENESCIMENTO FACIAL<\/a><\/p>\n<p><a href=\"https:\/\/anazulmirabadin.com.br\/site\/laser-remocao-de-pelos\/\">LASER REMO\u00c7\u00c3O DE P\u00caLOS<\/a><\/p>\n<p><a href=\"https:\/\/anazulmirabadin.com.br\/site\/rejuvenescimento-com-luz-intensa-pulsada\/\">REJUVENESCIMENTO COM LUZ INTENSA PULSADA<\/a><\/p>\n<\/div>\n<\/div><\/div><\/div><\/div><\/div><\/div>","protected":false},"excerpt":{"rendered":"<p>LASER REJUVENESCIMENTO FACIAL LASER REMO\u00c7\u00c3O DE P\u00caLOS REJUVENESCIMENTO COM LUZ INTENSA PULSADA<\/p>\n","protected":false},"author":1,"featured_media":0,"parent":0,"menu_order":0,"comment_status":"closed","ping_status":"closed","template":"","meta":{"neve_meta_sidebar":"full-width","neve_meta_container":"","neve_meta_enable_content_width":"off","neve_meta_content_width":100,"neve_meta_title_alignment":"","neve_meta_author_avatar":"","neve_post_elements_order":"","neve_meta_disable_header":"","neve_meta_disable_footer":"","neve_meta_disable_title":"on","footnotes":""},"class_list":["post-143","page","type-page","status-publish","hentry"],"_links":{"self":[{"href":"https:\/\/anazulmirabadin.com.br\/site\/wp-json\/wp\/v2\/pages\/143","targetHints":{"allow":["GET"]}}],"collection":[{"href":"https:\/\/anazulmirabadin.com.br\/site\/wp-json\/wp\/v2\/pages"}],"about":[{"href":"https:\/\/anazulmirabadin.com.br\/site\/wp-json\/wp\/v2\/types\/page"}],"author":[{"embeddable":true,"href":"https:\/\/anazulmirabadin.com.br\/site\/wp-json\/wp\/v2\/users\/1"}],"replies":[{"embeddable":true,"href":"https:\/\/anazulmirabadin.com.br\/site\/wp-json\/wp\/v2\/comments?post=143"}],"version-history":[{"count":4,"href":"https:\/\/anazulmirabadin.com.br\/site\/wp-json\/wp\/v2\/pages\/143\/revisions"}],"predecessor-version":[{"id":337,"href":"https:\/\/anazulmirabadin.com.br\/site\/wp-json\/wp\/v2\/pages\/143\/revisions\/337"}],"wp:attachment":[{"href":"https:\/\/anazulmirabadin.com.br\/site\/wp-json\/wp\/v2\/media?parent=143"}],"curies":[{"name":"wp","href":"https:\/\/api.w.org\/{rel}","templated":true}]}}