{"id":136,"date":"2024-04-05T16:28:45","date_gmt":"2024-04-05T19:28:45","guid":{"rendered":"https:\/\/anazulmirabadin.com.br\/site\/?page_id=136"},"modified":"2024-04-10T14:55:20","modified_gmt":"2024-04-10T17:55:20","slug":"rinoplastia","status":"publish","type":"page","link":"https:\/\/anazulmirabadin.com.br\/site\/rinoplastia\/","title":{"rendered":"RINOPLASTIA"},"content":{"rendered":"<div id=\"pl-136\"  class=\"panel-layout\" ><div id=\"pg-136-0\"  class=\"panel-grid panel-no-style\" ><div id=\"pgc-136-0-0\"  class=\"panel-grid-cell\" ><div id=\"panel-136-0-0-0\" class=\"so-panel widget widget_sow-image panel-first-child\" data-index=\"0\" ><div\n\t\t\t\n\t\t\tclass=\"so-widget-sow-image so-widget-sow-image-default-8b5b6f678277-136\"\n\t\t\t\n\t\t>\n<div class=\"sow-image-container\">\n\t\t<img loading=\"lazy\" decoding=\"async\" src=\"https:\/\/anazulmirabadin.com.br\/site\/wp-content\/uploads\/2024\/04\/rinoplastia-anazulmira-cirurgia-plastica.jpeg\" width=\"800\" height=\"532\" srcset=\"https:\/\/anazulmirabadin.com.br\/site\/wp-content\/uploads\/2024\/04\/rinoplastia-anazulmira-cirurgia-plastica.jpeg 800w, https:\/\/anazulmirabadin.com.br\/site\/wp-content\/uploads\/2024\/04\/rinoplastia-anazulmira-cirurgia-plastica-300x200.jpeg 300w, https:\/\/anazulmirabadin.com.br\/site\/wp-content\/uploads\/2024\/04\/rinoplastia-anazulmira-cirurgia-plastica-768x511.jpeg 768w, https:\/\/anazulmirabadin.com.br\/site\/wp-content\/uploads\/2024\/04\/rinoplastia-anazulmira-cirurgia-plastica-272x182.jpeg 272w, https:\/\/anazulmirabadin.com.br\/site\/wp-content\/uploads\/2024\/04\/rinoplastia-anazulmira-cirurgia-plastica-720x480.jpeg 720w\" sizes=\"auto, (max-width: 800px) 100vw, 800px\" alt=\"rinoplastia cirurgia plastica curitiba\" \t\tclass=\"so-widget-image\"\/>\n\t<\/div>\n\n<\/div><\/div><div id=\"panel-136-0-0-1\" class=\"so-panel widget widget_sow-editor panel-last-child\" data-index=\"1\" ><div\n\t\t\t\n\t\t\tclass=\"so-widget-sow-editor so-widget-sow-editor-base\"\n\t\t\t\n\t\t>\n<div class=\"siteorigin-widget-tinymce textwidget\">\n\t<p><strong>RINOPLASTIA<\/strong><\/p>\n<p><strong>O QUE \u00c9?<br \/>\n<\/strong><br \/>\nA rinoplastia ou cirurgia de nariz pode ser somente est\u00e9tica ou associada a corre\u00e7\u00f5es funcionais, como desvio de septo ou hipertrofia de cornetos. Existe um equil\u00edbrio est\u00e9tico entre o nariz e a face que deve ser estudado, a fim de que se possa dar ao nariz a melhor forma poss\u00edvel.<\/p>\n<p><strong>O QUE VOC\u00ca PRECISA SABER<\/strong><\/p>\n<p><strong>Cicatriz<\/strong><br \/>\nN\u00e3o existe cicatriz aparente na cirurgia est\u00e9tica do nariz, uma vez que as incis\u00f5es (cortes) s\u00e3o feitas dentro do nariz. Em casos especiais, como por exemplo nas redu\u00e7\u00f5es das asas nasais, existem duas pequenas cicatrizes nas mesmas, praticamente impercept\u00edveis.<\/p>\n<p><strong>Anestesia<\/strong><br \/>\nPode ser local com seda\u00e7\u00e3o ou geral, conforme indica\u00e7\u00e3o do anestesiologista.<\/p>\n<p><strong>Tempo cir\u00fargico<\/strong><br \/>\nDe uma a duas horas.<\/p>\n<p><strong>PR\u00c9-OPERAT\u00d3RIO<\/strong><\/p>\n<p>1) Exames complementares a serem especificados.<br \/>\n2) Fotografia da regi\u00e3o. A sess\u00e3o fotogr\u00e1fica \u00e9 importante para avalia\u00e7\u00e3o, programa\u00e7\u00e3o cir\u00fargica e documenta\u00e7\u00e3o.<br \/>\n3) Compare\u00e7a na cl\u00ednica no dia e hor\u00e1rio combinados, de prefer\u00eancia acompanhada, principalmente se a cirurgia for ambulatorial.<br \/>\n4) N\u00e3o leve para a cl\u00ednica joias e outros objetos de valor.<br \/>\n5) N\u00e3o pinte as unhas.<br \/>\n6) Qualquer intercorr\u00eancia como doen\u00e7as (gripe, febre, infec\u00e7\u00e3o) ou outros motivos que acarretem a suspens\u00e3o da cirurgia, avise com anteced\u00eancia.<br \/>\n7) Pode ser feito uso de Arnica para evitar equimoses (roxos). Este deve ser iniciado de uma semana a dez dias antes da cirurgia. Fa\u00e7a uma avalia\u00e7\u00e3o com o cl\u00ednico para orienta\u00e7\u00e3o de medica\u00e7\u00f5es pr\u00e9-operat\u00f3rias importantes na cicatriza\u00e7\u00e3o e equil\u00edbrio do organismo, visando uma melhor recupera\u00e7\u00e3o.<\/p>\n<p><strong>CUIDADOS<\/strong><\/p>\n<p>1) Jejum de no m\u00ednimo 6 horas antes do in\u00edcio da cirurgia.<br \/>\n2) Medica\u00e7\u00e3o para hipertens\u00e3o e outras doen\u00e7as deve ser informada para posterior orienta\u00e7\u00e3o.<br \/>\n3) N\u00e3o tome medica\u00e7\u00e3o que contenha \u00e1cido acetil salic\u00edlico (ex.: AAS, Rhonal, Buferin, Aspina), uma semana antes e uma semana ap\u00f3s a cirurgia porque aumenta o sangramento.<br \/>\n4) Medica\u00e7\u00e3o para emagrecimento deve ser suspensa 15 dias antes da cirurgia.<br \/>\n5) N\u00e3o fume 15 dias antes e 15 dias ap\u00f3s a cirurgia. Que tal aproveitar para parar de fumar?<\/p>\n<p><strong>P\u00d3S-OPERAT\u00d3RIO<\/strong><\/p>\n<p><strong>Dor<\/strong><br \/>\nA cirurgia \u00e9 indolor.<\/p>\n<p><strong>Tempo de Internamento<\/strong><br \/>\nVari\u00e1vel de algumas horas a 24 horas ap\u00f3s a cirurgia.<\/p>\n<p><strong>Primeiros Curativos<\/strong><br \/>\nCompressas de \u00e1gua boricada gelada ou ch\u00e1 de camomila frio sobre as p\u00e1lpebras durante as primeiras 48 horas ap\u00f3s a cirurgia.<\/p>\n<p><strong>Banho<\/strong><br \/>\nCom o cuidado de n\u00e3o molhar a regi\u00e3o do nariz por 7 dias.<\/p>\n<p><strong>Alimenta\u00e7\u00e3o<\/strong><br \/>\nNormal<\/p>\n<p><strong>Equimoses (roxos)<\/strong><br \/>\nPode fazer uso de pomada pr\u00f3pria para eliminar roxos.<\/p>\n<p><strong>Edemas (incha\u00e7o)<\/strong><br \/>\n\u00c9 normal a perman\u00eancia de edema externo (incha\u00e7o) at\u00e9 3 a 4 meses ap\u00f3s a cirurgia. No entanto, o edema \u00e9 mais importante nos primeiros 2 meses, quando recomendamos n\u00e3o usar \u00f3culos de grau ou de sol.<\/p>\n<p><strong>Esfor\u00e7os F\u00edsicos<\/strong><br \/>\nGin\u00e1stica ou esportes s\u00e3o recomendados com cuidado ap\u00f3s 30 dias para que n\u00e3o ocorram traumas nasais.<\/p>\n<p><strong>Sol<\/strong><br \/>\nN\u00e3o se exponha ao sol durante 30 dias. Recomendamos a utiliza\u00e7\u00e3o de filtro solar de prote\u00e7\u00e3o 20 ou mais neste per\u00edodo.<\/p>\n<p><strong>Repouso<\/strong><br \/>\nNos primeiros dias, o repouso deve ser feito com a cabeceira elevada (dois travesseiros). Mantenha-se de prefer\u00eancia com a face voltada para cima evitando, desta forma, o dec\u00fabito lateral.<\/p>\n<p><strong>Fun\u00e7\u00f5es Respirat\u00f3rias<\/strong><br \/>\nRaramente as fun\u00e7\u00f5es respirat\u00f3rias ficam prejudicadas ap\u00f3s a cirurgia. Alguma dificuldade pode ocorrer no p\u00f3s-operat\u00f3rio imediato devido ao edema ou a presen\u00e7a de crostas.<\/p>\n<p><strong>Maquiagem<\/strong><br \/>\n\u00c9 permitida.<\/p>\n<p><strong>Hidrata\u00e7\u00e3o e Drenagem<\/strong><br \/>\nPode ser feita a hidrata\u00e7\u00e3o da pele e a realiza\u00e7\u00e3o de massagens que ajudam no processo de recupera\u00e7\u00e3o.<\/p>\n<p><strong>Sensibilidade<\/strong><br \/>\nExiste sensibilidade aumentada na regi\u00e3o do nariz operado, por\u00e9m sem dor e melhora ap\u00f3s 2 meses.<\/p>\n<p><strong>\"SER\u00c1 QUE ISTO VAI DESAPARECER?\"<\/strong><\/p>\n<p>Toda cirurgia envolve um per\u00edodo pr\u00f3prio de recupera\u00e7\u00e3o. D\u00ea tempo ao tempo. que seu organismo se encarregar\u00e1 de dissipar pequenos transtornos que infalivelmente chamar\u00e3o a aten\u00e7\u00e3o de alguma pessoa que n\u00e3o se furtar\u00e1 \u00e0 observa\u00e7\u00e3o: \"Ser\u00e1 que isto vai desaparecer?\" N\u00e3o deixe de nos transmitir qualquer tipo de preocupa\u00e7\u00e3o. Daremos os esclarecimentos necess\u00e1rios para sua tranquilidade.<\/p>\n<p><strong>RESULTADO<\/strong><\/p>\n<p>Inicialmente, durante os primeiros quatro meses p\u00f3s- cir\u00fargicos, a regi\u00e3o apresenta-se um pouco edemaciada (inchada), mas com o passar do tempo, vai havendo uma acomoda\u00e7\u00e3o gradativa de tecidos org\u00e2nicos. A partir do quarto m\u00eas acontece nova sess\u00e3o fotogr\u00e1fica para compara\u00e7\u00e3o do pr\u00e9 e p\u00f3s-operat\u00f3rio (antes e depois). Esta reavalia\u00e7\u00e3o que poder\u00e1 indicar a necessidade de algum retoque, procedimento este considerado comum em cirurgia pl\u00e1stica, dever\u00e1 ser realizado ap\u00f3s o 6 m\u00eas e no prazo m\u00e1ximo de 10 meses ap\u00f3s a cirurgia.<\/p>\n<\/div>\n<\/div><\/div><\/div><\/div><\/div>","protected":false},"excerpt":{"rendered":"<p>RINOPLASTIA O QUE \u00c9? A rinoplastia ou cirurgia de nariz pode ser somente est\u00e9tica ou associada a corre\u00e7\u00f5es funcionais, como desvio de septo ou hipertrofia de cornetos. Existe um equil\u00edbrio est\u00e9tico entre o nariz e a face que deve ser estudado, a fim de que se possa dar ao nariz a melhor forma poss\u00edvel. O&hellip;&nbsp;<a href=\"https:\/\/anazulmirabadin.com.br\/site\/rinoplastia\/\" rel=\"bookmark\">Continue a ler &raquo;<span class=\"screen-reader-text\">RINOPLASTIA<\/span><\/a><\/p>\n","protected":false},"author":1,"featured_media":0,"parent":0,"menu_order":0,"comment_status":"closed","ping_status":"closed","template":"","meta":{"neve_meta_sidebar":"full-width","neve_meta_container":"","neve_meta_enable_content_width":"off","neve_meta_content_width":100,"neve_meta_title_alignment":"","neve_meta_author_avatar":"","neve_post_elements_order":"","neve_meta_disable_header":"","neve_meta_disable_footer":"","neve_meta_disable_title":"on","footnotes":""},"class_list":["post-136","page","type-page","status-publish","hentry"],"_links":{"self":[{"href":"https:\/\/anazulmirabadin.com.br\/site\/wp-json\/wp\/v2\/pages\/136","targetHints":{"allow":["GET"]}}],"collection":[{"href":"https:\/\/anazulmirabadin.com.br\/site\/wp-json\/wp\/v2\/pages"}],"about":[{"href":"https:\/\/anazulmirabadin.com.br\/site\/wp-json\/wp\/v2\/types\/page"}],"author":[{"embeddable":true,"href":"https:\/\/anazulmirabadin.com.br\/site\/wp-json\/wp\/v2\/users\/1"}],"replies":[{"embeddable":true,"href":"https:\/\/anazulmirabadin.com.br\/site\/wp-json\/wp\/v2\/comments?post=136"}],"version-history":[{"count":2,"href":"https:\/\/anazulmirabadin.com.br\/site\/wp-json\/wp\/v2\/pages\/136\/revisions"}],"predecessor-version":[{"id":323,"href":"https:\/\/anazulmirabadin.com.br\/site\/wp-json\/wp\/v2\/pages\/136\/revisions\/323"}],"wp:attachment":[{"href":"https:\/\/anazulmirabadin.com.br\/site\/wp-json\/wp\/v2\/media?parent=136"}],"curies":[{"name":"wp","href":"https:\/\/api.w.org\/{rel}","templated":true}]}}