{"id":133,"date":"2024-04-05T16:26:35","date_gmt":"2024-04-05T19:26:35","guid":{"rendered":"https:\/\/anazulmirabadin.com.br\/site\/?page_id=133"},"modified":"2024-04-05T16:26:35","modified_gmt":"2024-04-05T19:26:35","slug":"otoplastia","status":"publish","type":"page","link":"https:\/\/anazulmirabadin.com.br\/site\/otoplastia\/","title":{"rendered":"OTOPLASTIA"},"content":{"rendered":"<div id=\"pl-133\"  class=\"panel-layout\" ><div id=\"pg-133-0\"  class=\"panel-grid panel-no-style\" ><div id=\"pgc-133-0-0\"  class=\"panel-grid-cell\" ><div id=\"panel-133-0-0-0\" class=\"so-panel widget widget_sow-image panel-first-child\" data-index=\"0\" ><div\n\t\t\t\n\t\t\tclass=\"so-widget-sow-image so-widget-sow-image-default-8b5b6f678277-133\"\n\t\t\t\n\t\t>\n<div class=\"sow-image-container\">\n\t\t<img loading=\"lazy\" decoding=\"async\" src=\"https:\/\/anazulmirabadin.com.br\/site\/wp-content\/uploads\/2024\/04\/OTOPLASTIA.jpg\" width=\"800\" height=\"535\" srcset=\"https:\/\/anazulmirabadin.com.br\/site\/wp-content\/uploads\/2024\/04\/OTOPLASTIA.jpg 800w, https:\/\/anazulmirabadin.com.br\/site\/wp-content\/uploads\/2024\/04\/OTOPLASTIA-300x201.jpg 300w, https:\/\/anazulmirabadin.com.br\/site\/wp-content\/uploads\/2024\/04\/OTOPLASTIA-768x514.jpg 768w, https:\/\/anazulmirabadin.com.br\/site\/wp-content\/uploads\/2024\/04\/OTOPLASTIA-272x182.jpg 272w\" sizes=\"auto, (max-width: 800px) 100vw, 800px\" alt=\"OTOPLASTIA\" \t\tclass=\"so-widget-image\"\/>\n\t<\/div>\n\n<\/div><\/div><div id=\"panel-133-0-0-1\" class=\"so-panel widget widget_sow-editor panel-last-child\" data-index=\"1\" ><div\n\t\t\t\n\t\t\tclass=\"so-widget-sow-editor so-widget-sow-editor-base\"\n\t\t\t\n\t\t>\n<div class=\"siteorigin-widget-tinymce textwidget\">\n\t<p><strong>OTOPLASTIA<\/strong><\/p>\n<p><strong>O QUE \u00c9?<\/strong><\/p>\n<p>Otoplastia \u00e9 a cirurgia para corre\u00e7\u00e3o da orelha em abano.<\/p>\n<p><strong>O QUE VOC\u00ca PRECISA SABER<\/strong><\/p>\n<p><strong>Cicatriz<\/strong><br \/>\nFica atr\u00e1s da orelha e, normalmente, n\u00e3o \u00e9 vis\u00edvel.<\/p>\n<p><strong>Anestesia<\/strong><br \/>\nLocal com seda\u00e7\u00e3o.<\/p>\n<p><strong>Tempo cir\u00fargico<\/strong><br \/>\nUma hora.<\/p>\n<p><strong>PR\u00c9-OPERAT\u00d3RIO<\/strong><\/p>\n<p>1) Exames complementares a serem especificados.<br \/>\n2) Fotografia da regi\u00e3o, \u00e9 importante para avalia\u00e7\u00e3o, programa\u00e7\u00e3o cir\u00fargica e documenta\u00e7\u00e3o.<br \/>\n3) Compare\u00e7a na cl\u00ednica no dia e hor\u00e1rio combinados, de prefer\u00eancia acompanhada, principalmente se a cirurgia for ambulatorial.<br \/>\n4) N\u00e3o leve para a cl\u00ednica joias e outro objetos de valor.<br \/>\n5) N\u00e3o pinte as unhas.<br \/>\n6) Qualquer intercorr\u00eancia como doen\u00e7as (gripe, febre, infec\u00e7\u00e3o) ou outros motivos que acarretem a suspens\u00e3o da cirurgia, avise com anteced\u00eancia.<br \/>\n7) Pode ser feito uso de Arnica para evitar equimoses (roxos). Este deve ser iniciado de uma semana a dez dias antes da cirurgia. Fa\u00e7a uma avalia\u00e7\u00e3o com o cl\u00ednico para orienta\u00e7\u00e3o de medica\u00e7\u00f5es pr\u00e9-operat\u00f3rias importantes na cicatriza\u00e7\u00e3o e equil\u00edbrio do organismo, visando uma melhor recupera\u00e7\u00e3o.<\/p>\n<p><strong>Cuidados:<\/strong><br \/>\n1) Jejum de no m\u00ednimo 6 horas antes do in\u00edcio da cirurgia.<br \/>\n2) Medica\u00e7\u00e3o para hipertens\u00e3o e outras doen\u00e7as deve ser informada \u00e0 cirurgia para posterior orienta\u00e7\u00e3o.<br \/>\n3) N\u00e3o tome medica\u00e7\u00e3o que contenha \u00e1cido acetil salic\u00edlico (ex.: AAS, Rhonal, Buferin, Aspirina), uma semana antes e uma semana ap\u00f3s a cirurgia porque aumenta o sangramento.<br \/>\n4) Medica\u00e7\u00e3o para emagrecimento deve ser suspensa 15 dias antes da cirurgia.<\/p>\n<p><strong>P\u00d3S-OPERATORIO<\/strong><\/p>\n<p><strong>Dor<\/strong><br \/>\n\u00c9 m\u00ednima, bastando um analg\u00e9sico nos dois primeiros dias. 2)<\/p>\n<p><strong>Tempo de Internamento<\/strong><br \/>\nO procedimento \u00e9 ambulatorial, n\u00e3o necessitando de internamento.<\/p>\n<p><strong>Curativos<\/strong><br \/>\nO curativo feito logo ap\u00f3s a cirurgia deve permanecer 24 horas. Depois, por um per\u00edodo de 30 dias, \u00e9 importante o uso de faixa compressiva sobre as orelhas, principalmente para dormir.<\/p>\n<p><strong>Banho<\/strong><br \/>\nNo dia seguinte, quando tirar o curativo.<\/p>\n<p><strong>Alimenta\u00e7\u00e3o<\/strong><br \/>\nNormal.<\/p>\n<p><strong>Equimoses (roxos) <\/strong><br \/>\nN\u00e3o h\u00e1, normalmente.<\/p>\n<p><strong>Edemas (incha\u00e7o)<\/strong><br \/>\nPodem existir na primeira semana, mas regridem rapidamente.<\/p>\n<p><strong>Pontos<\/strong><br \/>\nOs pontos s\u00e3o internos, n\u00e3o havendo necessidade de retir\u00e1-los.<\/p>\n<p><strong>Esfor\u00e7os F\u00edsicos<\/strong><br \/>\nSem problemas, evitar esportes que possam traumatizar as orelhas.<\/p>\n<p><strong>Sol<\/strong><br \/>\nEvite sol sobre as orelhas por um m\u00eas.<\/p>\n<p><strong>Sensibilidade<\/strong><br \/>\nA regi\u00e3o pode ficar insens\u00edvel ou hipersens\u00edvel por 2 meses.<\/p>\n<p><strong>\"SER\u00c1 QUE ISTO VAI DESAPARECER?\"<\/strong><br \/>\nToda cirurgia envolve um per\u00edodo pr\u00f3prio de recupera\u00e7\u00e3o. D\u00ea tempo ao tempo, que seu organismo se encarregar\u00e1 de dissipar pequenos transtornos que infalivelmente chamar\u00e3o a aten\u00e7\u00e3o de alguma pessoa que n\u00e3o se furtar\u00e1 \u00e0 observa\u00e7\u00e3o: \"Ser\u00e1 que isto vai desaparecer?\" N\u00e3o deixe de nos transmitir qualquer tipo de preocupa\u00e7\u00e3o. Daremos os esclarecimentos necess\u00e1rios para sua tranquilidade.<\/p>\n<p><strong>RESULTADO<\/strong><br \/>\nInicialmente, durante os primeiros quatro meses p\u00f3s-cir\u00fargicos, a regi\u00e3o apresenta-se um pouco inchada, mas com o passar do tempo, vai havendo uma acomoda\u00e7\u00e3o gradativa de tecidos org\u00e2nicos. A partir do quarto m\u00eas acontece nova sess\u00e3o fotogr\u00e1fica para compara\u00e7\u00e3o do pr\u00e9 e p\u00f3s-operat\u00f3rio (antes e depois). Esta reavalia\u00e7\u00e3o que poder\u00e1 indicar a necessidade de algum retoque, procedimento este considerado comum em cirurgia pl\u00e1stica, dever\u00e1 ser realizado ap\u00f3s o 6 m\u00eas e no prazo m\u00e1ximo de 10 meses ap\u00f3s a cirurgia.<\/p>\n<p>&nbsp;<\/p>\n<p>&nbsp;<\/p>\n<\/div>\n<\/div><\/div><\/div><\/div><\/div>","protected":false},"excerpt":{"rendered":"<p>OTOPLASTIA O QUE \u00c9? Otoplastia \u00e9 a cirurgia para corre\u00e7\u00e3o da orelha em abano. O QUE VOC\u00ca PRECISA SABER Cicatriz Fica atr\u00e1s da orelha e, normalmente, n\u00e3o \u00e9 vis\u00edvel. Anestesia Local com seda\u00e7\u00e3o. Tempo cir\u00fargico Uma hora. PR\u00c9-OPERAT\u00d3RIO 1) Exames complementares a serem especificados. 2) Fotografia da regi\u00e3o, \u00e9 importante para avalia\u00e7\u00e3o, programa\u00e7\u00e3o cir\u00fargica e&hellip;&nbsp;<a href=\"https:\/\/anazulmirabadin.com.br\/site\/otoplastia\/\" rel=\"bookmark\">Continue a ler &raquo;<span class=\"screen-reader-text\">OTOPLASTIA<\/span><\/a><\/p>\n","protected":false},"author":1,"featured_media":0,"parent":0,"menu_order":0,"comment_status":"closed","ping_status":"closed","template":"","meta":{"neve_meta_sidebar":"full-width","neve_meta_container":"","neve_meta_enable_content_width":"off","neve_meta_content_width":100,"neve_meta_title_alignment":"","neve_meta_author_avatar":"","neve_post_elements_order":"","neve_meta_disable_header":"","neve_meta_disable_footer":"","neve_meta_disable_title":"on","footnotes":""},"class_list":["post-133","page","type-page","status-publish","hentry"],"_links":{"self":[{"href":"https:\/\/anazulmirabadin.com.br\/site\/wp-json\/wp\/v2\/pages\/133","targetHints":{"allow":["GET"]}}],"collection":[{"href":"https:\/\/anazulmirabadin.com.br\/site\/wp-json\/wp\/v2\/pages"}],"about":[{"href":"https:\/\/anazulmirabadin.com.br\/site\/wp-json\/wp\/v2\/types\/page"}],"author":[{"embeddable":true,"href":"https:\/\/anazulmirabadin.com.br\/site\/wp-json\/wp\/v2\/users\/1"}],"replies":[{"embeddable":true,"href":"https:\/\/anazulmirabadin.com.br\/site\/wp-json\/wp\/v2\/comments?post=133"}],"version-history":[{"count":1,"href":"https:\/\/anazulmirabadin.com.br\/site\/wp-json\/wp\/v2\/pages\/133\/revisions"}],"predecessor-version":[{"id":135,"href":"https:\/\/anazulmirabadin.com.br\/site\/wp-json\/wp\/v2\/pages\/133\/revisions\/135"}],"wp:attachment":[{"href":"https:\/\/anazulmirabadin.com.br\/site\/wp-json\/wp\/v2\/media?parent=133"}],"curies":[{"name":"wp","href":"https:\/\/api.w.org\/{rel}","templated":true}]}}