{"id":130,"date":"2024-04-05T16:24:59","date_gmt":"2024-04-05T19:24:59","guid":{"rendered":"https:\/\/anazulmirabadin.com.br\/site\/?page_id=130"},"modified":"2024-04-05T16:24:59","modified_gmt":"2024-04-05T19:24:59","slug":"lifting-facial-endoscopico","status":"publish","type":"page","link":"https:\/\/anazulmirabadin.com.br\/site\/lifting-facial-endoscopico\/","title":{"rendered":"LIFTING FACIAL ENDOSC\u00d3PICO"},"content":{"rendered":"<div id=\"pl-130\"  class=\"panel-layout\" ><div id=\"pg-130-0\"  class=\"panel-grid panel-no-style\" ><div id=\"pgc-130-0-0\"  class=\"panel-grid-cell\" ><div id=\"panel-130-0-0-0\" class=\"so-panel widget widget_sow-image panel-first-child\" data-index=\"0\" ><div\n\t\t\t\n\t\t\tclass=\"so-widget-sow-image so-widget-sow-image-default-8b5b6f678277-130\"\n\t\t\t\n\t\t>\n<div class=\"sow-image-container\">\n\t\t<img loading=\"lazy\" decoding=\"async\" src=\"https:\/\/anazulmirabadin.com.br\/site\/wp-content\/uploads\/2024\/04\/LIFTING-FACIAL-ENDOSCOPICO.jpg\" width=\"800\" height=\"535\" srcset=\"https:\/\/anazulmirabadin.com.br\/site\/wp-content\/uploads\/2024\/04\/LIFTING-FACIAL-ENDOSCOPICO.jpg 800w, https:\/\/anazulmirabadin.com.br\/site\/wp-content\/uploads\/2024\/04\/LIFTING-FACIAL-ENDOSCOPICO-300x201.jpg 300w, https:\/\/anazulmirabadin.com.br\/site\/wp-content\/uploads\/2024\/04\/LIFTING-FACIAL-ENDOSCOPICO-768x514.jpg 768w, https:\/\/anazulmirabadin.com.br\/site\/wp-content\/uploads\/2024\/04\/LIFTING-FACIAL-ENDOSCOPICO-272x182.jpg 272w\" sizes=\"auto, (max-width: 800px) 100vw, 800px\" alt=\"LIFTING FACIAL ENDOSC\u00d3PICO\" \t\tclass=\"so-widget-image\"\/>\n\t<\/div>\n\n<\/div><\/div><div id=\"panel-130-0-0-1\" class=\"so-panel widget widget_sow-editor panel-last-child\" data-index=\"1\" ><div\n\t\t\t\n\t\t\tclass=\"so-widget-sow-editor so-widget-sow-editor-base\"\n\t\t\t\n\t\t>\n<div class=\"siteorigin-widget-tinymce textwidget\">\n\t<p><strong>LIFTING FACIAL ENDOSC\u00d3PICO<\/strong><\/p>\n<p><strong>O QUE \u00c9?<\/strong><\/p>\n<p>O Lifting Facial Endosc\u00f3pico \u00e9 o procedimento que visa o rejuvenescimento facial atrav\u00e9s do reposicionamento dos tecidos fl\u00e1cidos. Usamos pequenas incis\u00f5es no couro cabeludo de 0,5 a 2 cm e, atrav\u00e9s do uso do endosc\u00f3pio. podemos trabalhar as estruturas profundas, poupando a face de cicatrizes vis\u00edveis. Normalmente, pode ser realizado associado ao peeling a laser de p\u00e1lpebra inferior, l\u00e1bios ou mesmo face total. Pode-se usar tamb\u00e9m procedimentos de preenchimento como inje\u00e7\u00e3o de gordura ou produtos.<\/p>\n<p>Indica\u00e7\u00e3o: pode ser isolado em pacientes jovens, ou associado a Lifting Convencional.<\/p>\n<p><strong>O QUE VOC\u00ca PRECISA SABER<\/strong><\/p>\n<p><strong>Cicatriz<\/strong><br \/>\nAs pequenas cicatrizes localizam-se no couro cabeludo.<\/p>\n<p><strong>Anestesia<\/strong><br \/>\nNormalmente, local com seda\u00e7\u00e3o.<\/p>\n<p><strong>Tempo cir\u00fargico<\/strong><br \/>\nUma hora e meia.<\/p>\n<p><strong>Tintura de cabelo<\/strong><br \/>\nA tintura de cabelo deve ser providenciada uma semana antes da cirurgia para que seu efeito permane\u00e7a at\u00e9 que possa ser feita novamente ap\u00f3s 3 semanas do procedimento.<\/p>\n<p><strong>Corte de cabelo<\/strong><br \/>\nOs cabelos n\u00e3o s\u00e3o cortados durante a cirurgia.<\/p>\n<p><strong>PR\u00c9-OPERAT\u00d3RIO<\/strong><\/p>\n<p>1) Exames complementares a serem especificados pela cirurgia.<br \/>\n2) Fotografia da regi\u00e3o \u00e9 importante para avalia\u00e7\u00e3o, programa\u00e7\u00e3o cir\u00fargica e documenta\u00e7\u00e3o.<br \/>\n3) Compare\u00e7a na cl\u00ednica no dia e hor\u00e1rio combinados, de prefer\u00eancia acompanhado (a).<br \/>\n4) N\u00e3o leve para a cl\u00ednica joias e outros objetos de valor.<br \/>\n5) N\u00e3o pinte as unhas.<br \/>\n6) Qualquer intercorr\u00eancia como doen\u00e7as (gripe, febre, infec\u00e7\u00e3o) ou outros motivos que acarretem a suspens\u00e3o da cirurgia, avise a cirurgia com anteced\u00eancia.<\/p>\n<p><strong>CUIDADOS:<\/strong><\/p>\n<p>1) Jejum de no m\u00ednimo 6 horas antes do in\u00edcio da cirurgia.<br \/>\n2) Medica\u00e7\u00e3o para hipertens\u00e3o e outras doen\u00e7as deve ser informada \u00e0 cirurgia para posterior orienta\u00e7\u00e3o.<br \/>\n3) N\u00e3o tome medica\u00e7\u00e3o que contenha \u00e1cido acetil salic\u00edlico (ex.: AAS, Rhonal, Buferin, Aspirina), uma semana antes e uma semana ap\u00f3s a cirurgia porque aumenta o sangramento.<br \/>\n4) Medica\u00e7\u00e3o para emagrecimento deve ser suspensa 15 dias antes da cirurgia.<br \/>\n5) N\u00e3o fume 15 dias antes e 15 dias ap\u00f3s a cirurgia. Que tal aproveitar para parar de fumar?<\/p>\n<p><strong>P\u00d3S-OPERAT\u00d3RIO<\/strong><\/p>\n<p><strong>Dor<\/strong><br \/>\nA cirurgia \u00e9 geralmente indolor. Raramente apresenta discreta dor, que pode ser perfeitamente sedada com analg\u00e9sicos comuns.<\/p>\n<p><strong>Tempo de Internamento<\/strong><br \/>\nAmbulatorial ou internamento 24 horas.<\/p>\n<p><strong>Primeiros Curativos<\/strong><br \/>\nAo sair do centro cir\u00fargico, vir\u00e1 com um curativo em forma de capacete. Ap\u00f3s a retirada, o cabelo \u00e9 lavado normalmente (levar xampu e condicionador para a cl\u00ednica) e pode ser secado com secador manual discretamente aquecido e penteado delicadamente. Os olhos n\u00e3o ficam oclu\u00eddos, recomendando-se compressas de \u00e1gua boricada gelada ou ch\u00e1 de camomila frio por 48 horas.<\/p>\n<p><strong>Banho<\/strong><br \/>\nNo dia seguinte.<\/p>\n<p><strong>Alimenta\u00e7\u00e3o<\/strong><br \/>\nL\u00edquida e pastosa nos primeiros dias.<\/p>\n<p><strong>Edema (incha\u00e7o)<\/strong><br \/>\nO incha\u00e7o \u00e9 progressivo durante as primeiras 48 horas, ap\u00f3s as quais torna-se est\u00e1vel para ent\u00e3o iniciar o processo de regress\u00e3o, mais r\u00e1pido nas p\u00e1lpebras e mais lento no restante da face. O tratamento da musculatura resulta em uma sensa\u00e7\u00e3o de \"face presa\". Isto pode ser agravado pelo edema e tende a melhorar, principalmente ap\u00f3s o in\u00edcio das massagens.<\/p>\n<p><strong>Esquimoses<\/strong><br \/>\nNormalmente, muito pouco, podendo fazer compressas geladas com \u00e1gua<br \/>\nboricada ou ch\u00e1 de camomila frio, ou at\u00e9 o uso de Arnica.<\/p>\n<p><strong>Pruridos (coceira, ardor insensibilidade ou hipersensibilidade)<\/strong><br \/>\nPodem ocorrer eventualmente. mas isto \u00e9 tempor\u00e1rio e tende a desaparecer no prazo de mais ou menos 3 meses.<\/p>\n<p><strong>Esfor\u00e7os F\u00edsicos<\/strong><br \/>\nAguardar 15 dias.<\/p>\n<p><strong>Retiradas dos pontos<\/strong><br \/>\nOs pontos do couro cabeludo s\u00e3o retirados com 7 dias.<\/p>\n<p><strong>Curativos ap\u00f3s a alta<\/strong><br \/>\nSomente higiene normal sobre as cicatrizes.<\/p>\n<p><strong>Sol<\/strong><br \/>\nN\u00e3o \u00e9 permitido por um per\u00edodo m\u00ednimo de 1 m\u00eas. Recomendamos o uso de filtro solar (fator 30 ou mais), repassado a cada 3 horas, rigorosamente por 2 meses.<\/p>\n<p><strong>Massagem<\/strong><br \/>\nMassagem facial e linf\u00e1tica durante os 2 meses acelera a regress\u00e3o do edema.<\/p>\n<p><strong>Maquiagem e tintura de cabelo<\/strong><br \/>\nA maquiagem \u00e9 permitida ap\u00f3s a primeira semana e a tintura de cabelo ap\u00f3s 3 semanas.<\/p>\n<p><strong>Depress\u00e3o<\/strong><br \/>\nUm curto per\u00edodo de depress\u00e3o emocional pode ocorrer nos primeiros dias, devido ao aspecto inicial. Isto \u00e9 passageiro e geralmente adv\u00e9m da<br \/>\nansiedade em se atingir o resultado o quanto antes. Tenha paci\u00eancia. Lembre-se que nenhum resultado de cirurgia est\u00e9tica da face deve ser avaliado antes de 3 meses p\u00f3s-operat\u00f3rios.<\/p>\n<p><strong>*SER\u00c1 QUE ISTO VAI DESAPARECER?\"<\/strong><\/p>\n<p>Toda cirurgia envolve um per\u00edodo pr\u00f3prio de recupera\u00e7\u00e3o. D\u00ea tempo ao tempo, que seu organismo se encarregar\u00e1 de dissipar pequenos transtornos que infalivelmente chamar\u00e3o a aten\u00e7\u00e3o de alguma pessoa que n\u00e3o se furtar\u00e1 \u00e0 observa\u00e7\u00e3o: \"Ser\u00e1 que isto vai desaparecer?\" N\u00e3o deixe de nos transmitir qualquer tipo de preocupa\u00e7\u00e3o. Daremos os esclarecimentos necess\u00e1rios para sua tranquilidade.<\/p>\n<p><strong>RESULTADO<\/strong><\/p>\n<p>Durante os primeiros quatro meses p\u00f3s-cir\u00fargicos, a regi\u00e3o apresentasse-a um pouco edemaciada (inchada), havendo com o passar do tempo, uma acomoda\u00e7\u00e3o gradativa de tecidos org\u00e2nicos. A cicatriz estar\u00e1 inicialmente mais avermelhada e endurecida, para ent\u00e3o tornar-se mais p\u00e1lida e delgada. Este processo \u00e9 lento e poder\u00e1 levar v\u00e1rios meses. no entanto, n\u00e3o se pode prever exatamente como vai resultar, uma vez que o processo n\u00e3o depende somente da t\u00e9cnica empregada e dos cuidados p\u00f3s-operat\u00f3rios, mas tamb\u00e9m de fatores individuais.<\/p>\n<p>Passados os quatro meses iniciais, procede-se uma reavalia\u00e7\u00e3o e nova fotografia para compara\u00e7\u00e3o do pr\u00e9 e p\u00f3s-operat\u00f3rio (antes e depois). Se esta reavalia\u00e7\u00e3o indicar a necessidade de algum retoque, procedimento considerado comum em cirurgia pl\u00e1stica, este dever\u00e1 ser realizado ap\u00f3s o 6\u00ba m\u00eas e no per\u00edodo m\u00e1ximo de 10 meses ap\u00f3s a cirurgia.<\/p>\n<\/div>\n<\/div><\/div><\/div><\/div><\/div>","protected":false},"excerpt":{"rendered":"<p>LIFTING FACIAL ENDOSC\u00d3PICO O QUE \u00c9? O Lifting Facial Endosc\u00f3pico \u00e9 o procedimento que visa o rejuvenescimento facial atrav\u00e9s do reposicionamento dos tecidos fl\u00e1cidos. Usamos pequenas incis\u00f5es no couro cabeludo de 0,5 a 2 cm e, atrav\u00e9s do uso do endosc\u00f3pio. podemos trabalhar as estruturas profundas, poupando a face de cicatrizes vis\u00edveis. Normalmente, pode ser&hellip;&nbsp;<a href=\"https:\/\/anazulmirabadin.com.br\/site\/lifting-facial-endoscopico\/\" rel=\"bookmark\">Continue a ler &raquo;<span class=\"screen-reader-text\">LIFTING FACIAL ENDOSC\u00d3PICO<\/span><\/a><\/p>\n","protected":false},"author":1,"featured_media":0,"parent":0,"menu_order":0,"comment_status":"closed","ping_status":"closed","template":"","meta":{"neve_meta_sidebar":"full-width","neve_meta_container":"","neve_meta_enable_content_width":"off","neve_meta_content_width":100,"neve_meta_title_alignment":"","neve_meta_author_avatar":"","neve_post_elements_order":"","neve_meta_disable_header":"","neve_meta_disable_footer":"","neve_meta_disable_title":"on","footnotes":""},"class_list":["post-130","page","type-page","status-publish","hentry"],"_links":{"self":[{"href":"https:\/\/anazulmirabadin.com.br\/site\/wp-json\/wp\/v2\/pages\/130","targetHints":{"allow":["GET"]}}],"collection":[{"href":"https:\/\/anazulmirabadin.com.br\/site\/wp-json\/wp\/v2\/pages"}],"about":[{"href":"https:\/\/anazulmirabadin.com.br\/site\/wp-json\/wp\/v2\/types\/page"}],"author":[{"embeddable":true,"href":"https:\/\/anazulmirabadin.com.br\/site\/wp-json\/wp\/v2\/users\/1"}],"replies":[{"embeddable":true,"href":"https:\/\/anazulmirabadin.com.br\/site\/wp-json\/wp\/v2\/comments?post=130"}],"version-history":[{"count":1,"href":"https:\/\/anazulmirabadin.com.br\/site\/wp-json\/wp\/v2\/pages\/130\/revisions"}],"predecessor-version":[{"id":132,"href":"https:\/\/anazulmirabadin.com.br\/site\/wp-json\/wp\/v2\/pages\/130\/revisions\/132"}],"wp:attachment":[{"href":"https:\/\/anazulmirabadin.com.br\/site\/wp-json\/wp\/v2\/media?parent=130"}],"curies":[{"name":"wp","href":"https:\/\/api.w.org\/{rel}","templated":true}]}}