{"id":126,"date":"2024-04-05T16:22:10","date_gmt":"2024-04-05T19:22:10","guid":{"rendered":"https:\/\/anazulmirabadin.com.br\/site\/?page_id=126"},"modified":"2024-04-05T16:22:32","modified_gmt":"2024-04-05T19:22:32","slug":"blefaroplastia-e-rejuvenescimento-periorbital","status":"publish","type":"page","link":"https:\/\/anazulmirabadin.com.br\/site\/blefaroplastia-e-rejuvenescimento-periorbital\/","title":{"rendered":"BLEFAROPLASTIA E REJUVENESCIMENTO PERIORBITAL"},"content":{"rendered":"<div id=\"pl-126\"  class=\"panel-layout\" ><div id=\"pg-126-0\"  class=\"panel-grid panel-no-style\" ><div id=\"pgc-126-0-0\"  class=\"panel-grid-cell\" ><div id=\"panel-126-0-0-0\" class=\"so-panel widget widget_sow-image panel-first-child\" data-index=\"0\" ><div\n\t\t\t\n\t\t\tclass=\"so-widget-sow-image so-widget-sow-image-default-8b5b6f678277-126\"\n\t\t\t\n\t\t>\n<div class=\"sow-image-container\">\n\t\t<img loading=\"lazy\" decoding=\"async\" src=\"https:\/\/anazulmirabadin.com.br\/site\/wp-content\/uploads\/2024\/04\/BLEFAROPLASTIA-E-REJUVENESCIMENTO-PERIORBITAL.jpg\" width=\"800\" height=\"535\" srcset=\"https:\/\/anazulmirabadin.com.br\/site\/wp-content\/uploads\/2024\/04\/BLEFAROPLASTIA-E-REJUVENESCIMENTO-PERIORBITAL.jpg 800w, https:\/\/anazulmirabadin.com.br\/site\/wp-content\/uploads\/2024\/04\/BLEFAROPLASTIA-E-REJUVENESCIMENTO-PERIORBITAL-300x201.jpg 300w, https:\/\/anazulmirabadin.com.br\/site\/wp-content\/uploads\/2024\/04\/BLEFAROPLASTIA-E-REJUVENESCIMENTO-PERIORBITAL-768x514.jpg 768w, https:\/\/anazulmirabadin.com.br\/site\/wp-content\/uploads\/2024\/04\/BLEFAROPLASTIA-E-REJUVENESCIMENTO-PERIORBITAL-272x182.jpg 272w\" sizes=\"auto, (max-width: 800px) 100vw, 800px\" alt=\"BLEFAROPLASTIA E REJUVENESCIMENTO PERIORBITAL\" \t\tclass=\"so-widget-image\"\/>\n\t<\/div>\n\n<\/div><\/div><div id=\"panel-126-0-0-1\" class=\"so-panel widget widget_sow-editor panel-last-child\" data-index=\"1\" ><div\n\t\t\t\n\t\t\tclass=\"so-widget-sow-editor so-widget-sow-editor-base\"\n\t\t\t\n\t\t>\n<div class=\"siteorigin-widget-tinymce textwidget\">\n\t<p><strong>BLEFAROPLASTIA E REJUVENESCIMENTO PERIORBITAL<\/strong><\/p>\n<p><strong>O QUE \u00c9?<\/strong><\/p>\n<p>Blefaroplastia \u00e9 a cirurgia pl\u00e1stica das p\u00e1lpebras que corrige os excessos de pele e gordura (bolsas palpebrais) e a flacidez. Em certos casos, melhora o aspecto funcional da regi\u00e3o al\u00e9m do est\u00e9tico. J\u00e1 o Rejuvenescimento Periorbital \u00e9 um conceito de rejuvenescimento orbit\u00e1rio ou periorbit\u00e1rio (na regi\u00e3o dos olhos) que evoluiu muito com as novas t\u00e9cnicas de endoscopia e laser. Elas possibilitam um aspecto mais jovial, com o posicionamento do superc\u00edlio, p\u00e1lpebras sem cicatrizes e grande melhoria ao n\u00edvel de rugas. As \"rugas de express\u00e3o\", devido \u00e0 a\u00e7\u00e3o do m\u00fasculo orbicular, t\u00eam indica\u00e7\u00e3o para aplica\u00e7\u00e3o de toxina botul\u00ednica (Botox ou Dysport), que mant\u00e9m esta regi\u00e3o em repouso.<\/p>\n<p><strong>O QUE VOC\u00ca PRECISA SABER<\/strong><\/p>\n<p><strong>Cicatriz<\/strong><br \/>\nLocaliza-se no sulco palpebral da p\u00e1lpebra superior. Como a pele das p\u00e1lpebras \u00e9 de espessura muito fina, a cicatriz tende a ficar praticamente invis\u00edvel.<\/p>\n<p><strong>Anestesia<\/strong><br \/>\nA maioria dos casos \u00e9 operada sob anestesia local, com ou sem seda\u00e7\u00e3o.<\/p>\n<p><strong>Tempo cir\u00fargico<\/strong><br \/>\nEm torno de uma hora.<\/p>\n<p><strong>Idade<\/strong><br \/>\nN\u00e3o existe uma idade ideal. A \u00e9poca certa \u00e9 determinada pela presen\u00e7a do defeito a ser corrigido e isto pode ocorrer em qualquer idade.<\/p>\n<p><strong>PR\u00c9-OPERAT\u00d3RIO<\/strong><\/p>\n<p>1) Exames complementares a serem especificados.<br \/>\n2) Fotografia da regi\u00e3o \u00e9 importante para avalia\u00e7\u00e3o, programa\u00e7\u00e3o cir\u00fargica e documenta\u00e7\u00e3o.<br \/>\n3) Compare\u00e7a \u00e0 cl\u00ednica no dia e hor\u00e1rio combinados, de prefer\u00eancia acompanhada, principalmente se a cirurgia for ambulatorial.<br \/>\n4) N\u00e3o leve para a cl\u00ednica joias e outros objetos de valor.<br \/>\n5) N\u00e3o pinte as unhas.<br \/>\n6) Qualquer intercorr\u00eancia como doen\u00e7as (gripe, febre, infec\u00e7\u00e3o) ou outros motivos que acarretem a suspens\u00e3o da cirurgia, avise com anteced\u00eancia.<br \/>\n7) Pode ser feito uso de Arnica para evitar equimoses (roxos). Este deve ser iniciado de uma semana a dez dias antes da cirurgia. Fa\u00e7a uma avalia\u00e7\u00e3o com o cl\u00ednico para orienta\u00e7\u00e3o de medica\u00e7\u00f5es pr\u00e9-operat\u00f3rias importantes na cicatriza\u00e7\u00e3o e equil\u00edbrio do organismo, visando uma melhor recupera\u00e7\u00e3o.<\/p>\n<p><strong>CUIDADOS:<\/strong><\/p>\n<p>Jejum de no m\u00ednimo 6 horas antes do in\u00edcio da cirurgia.<br \/>\nMedica\u00e7\u00e3o para hipertens\u00e3o e outras doen\u00e7as deve ser informada para posterior orienta\u00e7\u00e3o.<br \/>\nN\u00e3o tome medica\u00e7\u00e3o que contenha \u00e1cido acetilsalic\u00edlico (ex.: AAS. Rhonal, Buferin, Aspirina), uma semana antes e uma semana ap\u00f3s a cirurgia, pois aumenta o sangramento.<br \/>\nMedica\u00e7\u00e3o para emagrecimento deve ser suspensa 15 dias antes da cirurgia.<br \/>\nN\u00e3o fume 15 dias antes e 15 dias ap\u00f3s a cirurgia. Que tal aproveitar para parar de fumar?<\/p>\n<p><strong>P\u00d3S-OPERAT\u00d3RIO<\/strong><\/p>\n<p><strong>Dor<\/strong><br \/>\nGeralmente n\u00e3o \u00e9 importante. Mesmo que ocorra uma sensibilidade maior ou pequenos surtos de dor, estes podem ser perfeitamente abolidos com o uso de analg\u00e9sicos comuns.<\/p>\n<p><strong>Tempo de Internamento<\/strong><br \/>\nNormalmente, \u00e9 um procedimento ambulatorial.<br \/>\nPrimeiros Curativos Compressas geladas sobre as p\u00e1lpebras com soro fisiol\u00f3gico ou ch\u00e1 de camomila, constantemente durante 48 horas.<\/p>\n<p><strong>Banho<\/strong><br \/>\nNormal.<\/p>\n<p><strong>Alimenta\u00e7\u00e3o<\/strong><br \/>\nLivre ap\u00f3s a cirurgia.<\/p>\n<p><strong>Equimoses (roxos)<\/strong><br \/>\nAs p\u00e1lpebras podem ficar mais ou menos roxas, dependendo de caracter\u00edsticas pessoais. Continue fazendo as compressas e pode ser usado pomada ou gel para dissipar os roxos.<\/p>\n<p><strong>Edemas (incha\u00e7o)<\/strong><br \/>\nVaria de paciente para paciente. Normalmente, h\u00e1 incha\u00e7o nas primeiras 48 horas. Alguns pacientes apresentam, j\u00e1 no quarto ou quinto dia p\u00f3s-cir\u00fargico, um aspecto bastante normal, outros atingem este resultado ap\u00f3s o s\u00e9timo dia.<\/p>\n<p><strong>Secre\u00e7\u00e3o<\/strong><br \/>\n\u00c9 normal o ac\u00famulo de secre\u00e7\u00e3o pela manh\u00e3. Limpe os olhos com \u00e1gua boricada ou soro fisiol\u00f3gico v\u00e1rias vezes ao dia. N\u00e3o esfregue, nem coce os olhos.<\/p>\n<p><strong>Remo\u00e7\u00e3o de Pontos<\/strong><br \/>\nA retirada dos pontos \u00e9 feita em torno de cinco a sete dias ap\u00f3s a cirurgia. Pode-se tamb\u00e9m fazer uso de cola cir\u00fargica, n\u00e3o necessitando desta forma a remo\u00e7\u00e3o de pontos.<\/p>\n<p><strong>Esfor\u00e7os F\u00edsicos<\/strong><br \/>\nEvite-os na primeira semana.<\/p>\n<p><strong>Sol<\/strong><br \/>\nN\u00e3o se exponha ao sol durante dois meses.<br \/>\nRecomendamos a utiliza\u00e7\u00e3o de filtro solar repassado a cada tr\u00eas horas (FPS acima de 30).<\/p>\n<p><strong>Maquiagem<\/strong><br \/>\nJ\u00e1 \u00e9 permitida ap\u00f3s o s\u00e9timo dia.<\/p>\n<p><strong>Hidrata\u00e7\u00e3o e Drenagem<\/strong><br \/>\n\u00c9 importante a hidrata\u00e7\u00e3o da pele e a realiza\u00e7\u00e3o de massagens palpebrais para acelerar a recupera\u00e7\u00e3o.<\/p>\n<p><strong>Sensibilidade <\/strong><br \/>\nPode existir pequena \u00e1rea insens\u00edvel pr\u00f3xima aos c\u00edlios, que retorna ap\u00f3s 1 m\u00eas.<\/p>\n<p><strong>\"SER\u00c1 QUE ISTO VAI DESAPARECER?\"<\/strong><\/p>\n<p>Toda cirurgia envolve um per\u00edodo pr\u00f3prio de recupera\u00e7\u00e3o. D\u00ea tempo ao tempo, que seu organismo se encarregar\u00e1 de dissipar pequenos transtornos que infalivelmente chamar\u00e3o a aten\u00e7\u00e3o de alguma pessoa que n\u00e3o se furtar\u00e1 \u00e0 observa\u00e7\u00e3o: \"Ser\u00e1 que isto vai desaparecer?\" N\u00e3o deixe de nos transmitir qualquer tipo de preocupa\u00e7\u00e3o. Daremos os esclarecimentos necess\u00e1rios para sua tranquilidade.<\/p>\n<p><strong>RESULTADO FINAL<\/strong><\/p>\n<p>Inicialmente, durante os primeiros quatro meses p\u00f3s-cir\u00fargicos, a regi\u00e3o apresenta-se em recupera\u00e7\u00e3o, mas com o passar do tempo, vai havendo uma acomoda\u00e7\u00e3o gradativa de tecidos org\u00e2nicos. Neste per\u00edodo, a cicatriz apresenta-se mais avermelhada e endurecida, mas depois torna-se mais delgada e p\u00e1lida. A partir do quarto m\u00eas, acontece nova sess\u00e3o fotogr\u00e1fica para compara\u00e7\u00e3o do pr\u00e9 e p\u00f3s-operat\u00f3rio (antes e depois). Esta reavalia\u00e7\u00e3o que poder\u00e1 indicar a necessidade de algum retoque, procedimento este considerado comum em cirurgia pl\u00e1stica, e dever\u00e1 ser realizado ap\u00f3s o 6\u00ba m\u00eas e no prazo m\u00e1ximo de dez meses ap\u00f3s a cirurgia.<br \/>\nParte superior do formul\u00e1rio<\/p>\n<\/div>\n<\/div><\/div><\/div><\/div><\/div>","protected":false},"excerpt":{"rendered":"<p>BLEFAROPLASTIA E REJUVENESCIMENTO PERIORBITAL O QUE \u00c9? Blefaroplastia \u00e9 a cirurgia pl\u00e1stica das p\u00e1lpebras que corrige os excessos de pele e gordura (bolsas palpebrais) e a flacidez. Em certos casos, melhora o aspecto funcional da regi\u00e3o al\u00e9m do est\u00e9tico. J\u00e1 o Rejuvenescimento Periorbital \u00e9 um conceito de rejuvenescimento orbit\u00e1rio ou periorbit\u00e1rio (na regi\u00e3o dos olhos)&hellip;&nbsp;<a href=\"https:\/\/anazulmirabadin.com.br\/site\/blefaroplastia-e-rejuvenescimento-periorbital\/\" rel=\"bookmark\">Continue a ler &raquo;<span class=\"screen-reader-text\">BLEFAROPLASTIA E REJUVENESCIMENTO PERIORBITAL<\/span><\/a><\/p>\n","protected":false},"author":1,"featured_media":0,"parent":0,"menu_order":0,"comment_status":"closed","ping_status":"closed","template":"","meta":{"neve_meta_sidebar":"full-width","neve_meta_container":"","neve_meta_enable_content_width":"off","neve_meta_content_width":100,"neve_meta_title_alignment":"","neve_meta_author_avatar":"","neve_post_elements_order":"","neve_meta_disable_header":"","neve_meta_disable_footer":"","neve_meta_disable_title":"on","footnotes":""},"class_list":["post-126","page","type-page","status-publish","hentry"],"_links":{"self":[{"href":"https:\/\/anazulmirabadin.com.br\/site\/wp-json\/wp\/v2\/pages\/126","targetHints":{"allow":["GET"]}}],"collection":[{"href":"https:\/\/anazulmirabadin.com.br\/site\/wp-json\/wp\/v2\/pages"}],"about":[{"href":"https:\/\/anazulmirabadin.com.br\/site\/wp-json\/wp\/v2\/types\/page"}],"author":[{"embeddable":true,"href":"https:\/\/anazulmirabadin.com.br\/site\/wp-json\/wp\/v2\/users\/1"}],"replies":[{"embeddable":true,"href":"https:\/\/anazulmirabadin.com.br\/site\/wp-json\/wp\/v2\/comments?post=126"}],"version-history":[{"count":2,"href":"https:\/\/anazulmirabadin.com.br\/site\/wp-json\/wp\/v2\/pages\/126\/revisions"}],"predecessor-version":[{"id":129,"href":"https:\/\/anazulmirabadin.com.br\/site\/wp-json\/wp\/v2\/pages\/126\/revisions\/129"}],"wp:attachment":[{"href":"https:\/\/anazulmirabadin.com.br\/site\/wp-json\/wp\/v2\/media?parent=126"}],"curies":[{"name":"wp","href":"https:\/\/api.w.org\/{rel}","templated":true}]}}