{"id":120,"date":"2024-04-05T16:15:40","date_gmt":"2024-04-05T19:15:40","guid":{"rendered":"https:\/\/anazulmirabadin.com.br\/site\/?page_id=120"},"modified":"2024-04-05T16:15:40","modified_gmt":"2024-04-05T19:15:40","slug":"toxina-botulinica","status":"publish","type":"page","link":"https:\/\/anazulmirabadin.com.br\/site\/toxina-botulinica\/","title":{"rendered":"TOXINA BOTUL\u00cdNICA"},"content":{"rendered":"<div id=\"pl-120\"  class=\"panel-layout\" ><div id=\"pg-120-0\"  class=\"panel-grid panel-no-style\" ><div id=\"pgc-120-0-0\"  class=\"panel-grid-cell\" ><div id=\"panel-120-0-0-0\" class=\"so-panel widget widget_sow-image panel-first-child\" data-index=\"0\" ><div\n\t\t\t\n\t\t\tclass=\"so-widget-sow-image so-widget-sow-image-default-8b5b6f678277-120\"\n\t\t\t\n\t\t>\n<div class=\"sow-image-container\">\n\t\t<img loading=\"lazy\" decoding=\"async\" src=\"https:\/\/anazulmirabadin.com.br\/site\/wp-content\/uploads\/2024\/04\/TOXINA-BOTULINICA-1.jpg\" width=\"800\" height=\"533\" srcset=\"https:\/\/anazulmirabadin.com.br\/site\/wp-content\/uploads\/2024\/04\/TOXINA-BOTULINICA-1.jpg 800w, https:\/\/anazulmirabadin.com.br\/site\/wp-content\/uploads\/2024\/04\/TOXINA-BOTULINICA-1-300x200.jpg 300w, https:\/\/anazulmirabadin.com.br\/site\/wp-content\/uploads\/2024\/04\/TOXINA-BOTULINICA-1-768x512.jpg 768w, https:\/\/anazulmirabadin.com.br\/site\/wp-content\/uploads\/2024\/04\/TOXINA-BOTULINICA-1-272x182.jpg 272w\" sizes=\"auto, (max-width: 800px) 100vw, 800px\" alt=\"TOXINA BOTUL\u00cdNICA ana zulmira badin\" \t\tclass=\"so-widget-image\"\/>\n\t<\/div>\n\n<\/div><\/div><div id=\"panel-120-0-0-1\" class=\"so-panel widget widget_sow-editor panel-last-child\" data-index=\"1\" ><div\n\t\t\t\n\t\t\tclass=\"so-widget-sow-editor so-widget-sow-editor-base\"\n\t\t\t\n\t\t>\n<div class=\"siteorigin-widget-tinymce textwidget\">\n\t<p><strong>TOXINA BOTUL\u00cdNICA<\/strong><\/p>\n<p>A Toxina Botul\u00ednica, popularmente conhecida como Botox, \u00e9 uma subst\u00e2ncia altamente eficaz utilizada na \u00e1rea da est\u00e9tica facial e no tratamento de condi\u00e7\u00f5es m\u00e9dicas espec\u00edficas. Seu principal mecanismo de a\u00e7\u00e3o \u00e9 paralisar de maneira seletiva os m\u00fasculos da face, o que resulta na atenua\u00e7\u00e3o de rugas e na suaviza\u00e7\u00e3o das express\u00f5es faciais.<\/p>\n<p>Ao ser injetada em pontos estrat\u00e9gicos do rosto, a toxina botul\u00ednica age bloqueando os sinais nervosos que s\u00e3o transmitidos aos m\u00fasculos, impedindo sua contra\u00e7\u00e3o excessiva. Isso resulta na redu\u00e7\u00e3o da apar\u00eancia de rugas din\u00e2micas, como as linhas de express\u00e3o na testa, ao redor dos olhos (p\u00e9s de galinha) e entre as sobrancelhas, que s\u00e3o formadas pela repetida contra\u00e7\u00e3o dos m\u00fasculos faciais ao longo do tempo.<\/p>\n<p>Al\u00e9m de seus benef\u00edcios est\u00e9ticos, a toxina botul\u00ednica tamb\u00e9m \u00e9 utilizada para o tratamento de condi\u00e7\u00f5es m\u00e9dicas, como a hiperidrose axilar, que \u00e9 caracterizada pela sudorese excessiva nas axilas. Ao ser aplicada nessas \u00e1reas, a toxina age bloqueando os sinais nervosos que estimulam as gl\u00e2ndulas sudor\u00edparas, reduzindo significativamente a produ\u00e7\u00e3o de suor e proporcionando al\u00edvio para quem sofre desse problema.<\/p>\n<p>Uma das vantagens do uso da toxina botul\u00ednica \u00e9 a rapidez e conveni\u00eancia do procedimento. O tratamento \u00e9 realizado em poucos minutos, no pr\u00f3prio consult\u00f3rio m\u00e9dico, e n\u00e3o requer tempo de recupera\u00e7\u00e3o significativo. Embora o resultado n\u00e3o seja imediato, os efeitos come\u00e7am a ser percebidos ap\u00f3s alguns dias e atingem seu pico em cerca de uma semana ap\u00f3s a aplica\u00e7\u00e3o.<\/p>\n<p>&nbsp;<\/p>\n<\/div>\n<\/div><\/div><\/div><\/div><\/div>","protected":false},"excerpt":{"rendered":"<p>TOXINA BOTUL\u00cdNICA A Toxina Botul\u00ednica, popularmente conhecida como Botox, \u00e9 uma subst\u00e2ncia altamente eficaz utilizada na \u00e1rea da est\u00e9tica facial e no tratamento de condi\u00e7\u00f5es m\u00e9dicas espec\u00edficas. Seu principal mecanismo de a\u00e7\u00e3o \u00e9 paralisar de maneira seletiva os m\u00fasculos da face, o que resulta na atenua\u00e7\u00e3o de rugas e na suaviza\u00e7\u00e3o das express\u00f5es faciais. Ao&hellip;&nbsp;<a href=\"https:\/\/anazulmirabadin.com.br\/site\/toxina-botulinica\/\" rel=\"bookmark\">Continue a ler &raquo;<span class=\"screen-reader-text\">TOXINA BOTUL\u00cdNICA<\/span><\/a><\/p>\n","protected":false},"author":1,"featured_media":0,"parent":0,"menu_order":0,"comment_status":"closed","ping_status":"closed","template":"","meta":{"neve_meta_sidebar":"full-width","neve_meta_container":"","neve_meta_enable_content_width":"off","neve_meta_content_width":100,"neve_meta_title_alignment":"","neve_meta_author_avatar":"","neve_post_elements_order":"","neve_meta_disable_header":"","neve_meta_disable_footer":"","neve_meta_disable_title":"on","footnotes":""},"class_list":["post-120","page","type-page","status-publish","hentry"],"_links":{"self":[{"href":"https:\/\/anazulmirabadin.com.br\/site\/wp-json\/wp\/v2\/pages\/120","targetHints":{"allow":["GET"]}}],"collection":[{"href":"https:\/\/anazulmirabadin.com.br\/site\/wp-json\/wp\/v2\/pages"}],"about":[{"href":"https:\/\/anazulmirabadin.com.br\/site\/wp-json\/wp\/v2\/types\/page"}],"author":[{"embeddable":true,"href":"https:\/\/anazulmirabadin.com.br\/site\/wp-json\/wp\/v2\/users\/1"}],"replies":[{"embeddable":true,"href":"https:\/\/anazulmirabadin.com.br\/site\/wp-json\/wp\/v2\/comments?post=120"}],"version-history":[{"count":1,"href":"https:\/\/anazulmirabadin.com.br\/site\/wp-json\/wp\/v2\/pages\/120\/revisions"}],"predecessor-version":[{"id":122,"href":"https:\/\/anazulmirabadin.com.br\/site\/wp-json\/wp\/v2\/pages\/120\/revisions\/122"}],"wp:attachment":[{"href":"https:\/\/anazulmirabadin.com.br\/site\/wp-json\/wp\/v2\/media?parent=120"}],"curies":[{"name":"wp","href":"https:\/\/api.w.org\/{rel}","templated":true}]}}