{"id":118,"date":"2024-04-05T16:14:17","date_gmt":"2024-04-05T19:14:17","guid":{"rendered":"https:\/\/anazulmirabadin.com.br\/site\/?page_id=118"},"modified":"2024-04-05T16:14:17","modified_gmt":"2024-04-05T19:14:17","slug":"preenchimento","status":"publish","type":"page","link":"https:\/\/anazulmirabadin.com.br\/site\/preenchimento\/","title":{"rendered":"PREENCHIMENTO"},"content":{"rendered":"<div id=\"pl-118\"  class=\"panel-layout\" ><div id=\"pg-118-0\"  class=\"panel-grid panel-no-style\" ><div id=\"pgc-118-0-0\"  class=\"panel-grid-cell\" ><div id=\"panel-118-0-0-0\" class=\"so-panel widget widget_sow-image panel-first-child\" data-index=\"0\" ><div\n\t\t\t\n\t\t\tclass=\"so-widget-sow-image so-widget-sow-image-default-8b5b6f678277-118\"\n\t\t\t\n\t\t>\n<div class=\"sow-image-container\">\n\t\t<img loading=\"lazy\" decoding=\"async\" src=\"https:\/\/anazulmirabadin.com.br\/site\/wp-content\/uploads\/2024\/04\/PREENCHIMENTOS.jpg\" width=\"800\" height=\"535\" srcset=\"https:\/\/anazulmirabadin.com.br\/site\/wp-content\/uploads\/2024\/04\/PREENCHIMENTOS.jpg 800w, https:\/\/anazulmirabadin.com.br\/site\/wp-content\/uploads\/2024\/04\/PREENCHIMENTOS-300x201.jpg 300w, https:\/\/anazulmirabadin.com.br\/site\/wp-content\/uploads\/2024\/04\/PREENCHIMENTOS-768x514.jpg 768w, https:\/\/anazulmirabadin.com.br\/site\/wp-content\/uploads\/2024\/04\/PREENCHIMENTOS-272x182.jpg 272w\" sizes=\"auto, (max-width: 800px) 100vw, 800px\" alt=\"\" \t\tclass=\"so-widget-image\"\/>\n\t<\/div>\n\n<\/div><\/div><div id=\"panel-118-0-0-1\" class=\"so-panel widget widget_sow-editor panel-last-child\" data-index=\"1\" ><div\n\t\t\t\n\t\t\tclass=\"so-widget-sow-editor so-widget-sow-editor-base\"\n\t\t\t\n\t\t>\n<div class=\"siteorigin-widget-tinymce textwidget\">\n\t<p><strong>PREENCHIMENTO<\/strong><\/p>\n<p>Os preenchimentos injet\u00e1veis s\u00e3o uma ferramenta poderosa na \u00e1rea da est\u00e9tica facial, oferecendo uma variedade de benef\u00edcios que v\u00e3o desde o aumento dos l\u00e1bios at\u00e9 a melhoria da apar\u00eancia das cicatrizes. Esses procedimentos s\u00e3o realizados com subst\u00e2ncias como o \u00e1cido hialur\u00f4nico, hidroxiapatita de c\u00e1lcio e outros materiais compat\u00edveis com o corpo humano, que s\u00e3o injetados diretamente nas \u00e1reas-alvo para proporcionar resultados desejados.<\/p>\n<p>Uma das aplica\u00e7\u00f5es mais comuns dos preenchimentos injet\u00e1veis \u00e9 o aumento dos l\u00e1bios. Muitas pessoas desejam l\u00e1bios mais volumosos e definidos, e os preenchimentos oferecem uma solu\u00e7\u00e3o eficaz e segura para esse desejo. Ao injetar o material apropriado nos l\u00e1bios, \u00e9 poss\u00edvel aumentar seu volume, melhorar sua forma e definir seus contornos, resultando em uma apar\u00eancia mais sensual e atrativa.<\/p>\n<p>Al\u00e9m do aumento dos l\u00e1bios, os preenchimentos injet\u00e1veis tamb\u00e9m s\u00e3o utilizados para melhorar os contornos superficiais do rosto. Eles podem ser aplicados em \u00e1reas como as ma\u00e7\u00e3s do rosto, as t\u00eamporas e o queixo para adicionar volume e defini\u00e7\u00e3o, criando uma apar\u00eancia mais jovial e harmoniosa. Esses preenchimentos podem ajudar a corrigir \u00e1reas que perderam volume devido ao envelhecimento ou gen\u00e9tica, restaurando a plenitude e a firmeza da pele.<\/p>\n<p>Outra aplica\u00e7\u00e3o importante dos preenchimentos \u00e9 a suaviza\u00e7\u00e3o e elimina\u00e7\u00e3o de rugas. Eles podem ser usados para preencher linhas e sulcos faciais, como as rugas ao redor dos l\u00e1bios, as linhas de marionete e os vincos nasogenianos, proporcionando uma pele mais lisa e rejuvenescida. Ao adicionar volume \u00e0s \u00e1reas afetadas, os preenchimentos ajudam a suavizar as rugas e a restaurar a juventude e vitalidade da pele.<\/p>\n<p>Al\u00e9m disso, os preenchimentos injet\u00e1veis tamb\u00e9m podem ser utilizados para melhorar a apar\u00eancia de cicatrizes, como aquelas causadas por acne, cirurgias ou outros traumas. Ao preencher a depress\u00e3o causada pela cicatriz, \u00e9 poss\u00edvel nivelar a superf\u00edcie da pele e melhorar sua apar\u00eancia, proporcionando uma pele mais uniforme e suave.<\/p>\n<\/div>\n<\/div><\/div><\/div><\/div><\/div>","protected":false},"excerpt":{"rendered":"<p>PREENCHIMENTO Os preenchimentos injet\u00e1veis s\u00e3o uma ferramenta poderosa na \u00e1rea da est\u00e9tica facial, oferecendo uma variedade de benef\u00edcios que v\u00e3o desde o aumento dos l\u00e1bios at\u00e9 a melhoria da apar\u00eancia das cicatrizes. Esses procedimentos s\u00e3o realizados com subst\u00e2ncias como o \u00e1cido hialur\u00f4nico, hidroxiapatita de c\u00e1lcio e outros materiais compat\u00edveis com o corpo humano, que s\u00e3o&hellip;&nbsp;<a href=\"https:\/\/anazulmirabadin.com.br\/site\/preenchimento\/\" rel=\"bookmark\">Continue a ler &raquo;<span class=\"screen-reader-text\">PREENCHIMENTO<\/span><\/a><\/p>\n","protected":false},"author":1,"featured_media":0,"parent":0,"menu_order":0,"comment_status":"closed","ping_status":"closed","template":"","meta":{"neve_meta_sidebar":"full-width","neve_meta_container":"","neve_meta_enable_content_width":"off","neve_meta_content_width":100,"neve_meta_title_alignment":"","neve_meta_author_avatar":"","neve_post_elements_order":"","neve_meta_disable_header":"","neve_meta_disable_footer":"","neve_meta_disable_title":"on","footnotes":""},"class_list":["post-118","page","type-page","status-publish","hentry"],"_links":{"self":[{"href":"https:\/\/anazulmirabadin.com.br\/site\/wp-json\/wp\/v2\/pages\/118","targetHints":{"allow":["GET"]}}],"collection":[{"href":"https:\/\/anazulmirabadin.com.br\/site\/wp-json\/wp\/v2\/pages"}],"about":[{"href":"https:\/\/anazulmirabadin.com.br\/site\/wp-json\/wp\/v2\/types\/page"}],"author":[{"embeddable":true,"href":"https:\/\/anazulmirabadin.com.br\/site\/wp-json\/wp\/v2\/users\/1"}],"replies":[{"embeddable":true,"href":"https:\/\/anazulmirabadin.com.br\/site\/wp-json\/wp\/v2\/comments?post=118"}],"version-history":[{"count":1,"href":"https:\/\/anazulmirabadin.com.br\/site\/wp-json\/wp\/v2\/pages\/118\/revisions"}],"predecessor-version":[{"id":119,"href":"https:\/\/anazulmirabadin.com.br\/site\/wp-json\/wp\/v2\/pages\/118\/revisions\/119"}],"wp:attachment":[{"href":"https:\/\/anazulmirabadin.com.br\/site\/wp-json\/wp\/v2\/media?parent=118"}],"curies":[{"name":"wp","href":"https:\/\/api.w.org\/{rel}","templated":true}]}}