{"id":110,"date":"2024-04-05T16:07:03","date_gmt":"2024-04-05T19:07:03","guid":{"rendered":"https:\/\/anazulmirabadin.com.br\/site\/?page_id=110"},"modified":"2024-04-05T16:07:03","modified_gmt":"2024-04-05T19:07:03","slug":"protese-glutea","status":"publish","type":"page","link":"https:\/\/anazulmirabadin.com.br\/site\/protese-glutea\/","title":{"rendered":"PR\u00d3TESE GL\u00daTEA"},"content":{"rendered":"<div id=\"pl-110\"  class=\"panel-layout\" ><div id=\"pg-110-0\"  class=\"panel-grid panel-no-style\" ><div id=\"pgc-110-0-0\"  class=\"panel-grid-cell\" ><div id=\"panel-110-0-0-0\" class=\"so-panel widget widget_sow-image panel-first-child\" data-index=\"0\" ><div\n\t\t\t\n\t\t\tclass=\"so-widget-sow-image so-widget-sow-image-default-8b5b6f678277-110\"\n\t\t\t\n\t\t>\n<div class=\"sow-image-container\">\n\t\t<img loading=\"lazy\" decoding=\"async\" src=\"https:\/\/anazulmirabadin.com.br\/site\/wp-content\/uploads\/2024\/04\/PROTESESE-GLUTEA.jpg\" width=\"800\" height=\"533\" srcset=\"https:\/\/anazulmirabadin.com.br\/site\/wp-content\/uploads\/2024\/04\/PROTESESE-GLUTEA.jpg 800w, https:\/\/anazulmirabadin.com.br\/site\/wp-content\/uploads\/2024\/04\/PROTESESE-GLUTEA-300x200.jpg 300w, https:\/\/anazulmirabadin.com.br\/site\/wp-content\/uploads\/2024\/04\/PROTESESE-GLUTEA-768x512.jpg 768w, https:\/\/anazulmirabadin.com.br\/site\/wp-content\/uploads\/2024\/04\/PROTESESE-GLUTEA-272x182.jpg 272w\" sizes=\"auto, (max-width: 800px) 100vw, 800px\" alt=\"PR\u00d3TESE GL\u00daTEA ana zulmira badin\" \t\tclass=\"so-widget-image\"\/>\n\t<\/div>\n\n<\/div><\/div><div id=\"panel-110-0-0-1\" class=\"so-panel widget widget_sow-editor panel-last-child\" data-index=\"1\" ><div\n\t\t\t\n\t\t\tclass=\"so-widget-sow-editor so-widget-sow-editor-base\"\n\t\t\t\n\t\t>\n<div class=\"siteorigin-widget-tinymce textwidget\">\n\t<p><strong>PR\u00d3TESE GL\u00daTEA<\/strong><\/p>\n<p><strong>O QUE \u00c9 CIRURGIA DE PR\u00d3TESE GLUTEA?<\/strong><br \/>\nA gluteoplastia de aumento ou pr\u00f3tese gl\u00fatea \u00e9 a cirurgia de coloca\u00e7\u00e3o de pr\u00f3tese de silicone para o aumento do tamanho do gl\u00fateo.<\/p>\n<p><strong>O QUE VOC\u00ca PRECISA SABER<\/strong><\/p>\n<p><strong>Cicatriz <\/strong><br \/>\nQuando procedemos a inclus\u00e3o da pr\u00f3tese, a cicatriz fica posicionada no sulco Inter gl\u00fateo, ficando em uma regi\u00e3o discreta e pouco vis\u00edvel.<\/p>\n<p><strong>Anestesia <\/strong><br \/>\nPode ser peridural ou geral, conforme indica\u00e7\u00e3o do anestesiologista.<\/p>\n<p><strong>Tempo cir\u00fargico <\/strong><br \/>\nUma a duas horas.<\/p>\n<p><strong>Idade <\/strong><br \/>\nUma vez que j\u00e1 tenha estacionado seu crescimento, ap\u00f3s a adolesc\u00eancia.<\/p>\n<p><strong>Retra\u00e7\u00e3o capsular <\/strong><br \/>\nO silicone \u00e9 um material inerte, ou seja, n\u00e3o \u00e9 rejeitado pelo organismo. O que acontece \u00e9 que o organismo forma uma c\u00e1psula ao redor da pr\u00f3tese que, por sua vez, deve permanecer sem contratura. As pr\u00f3teses evolu\u00edram para a c\u00e1psula texturizada e gel coeso (que n\u00e3o extravasa). Estas duas evolu\u00e7\u00f5es permitem resultados com baixa incid\u00eancia de contraturas.<\/p>\n<p><strong>Garantia <\/strong><br \/>\nA pr\u00f3tese vem da f\u00e1brica com uma garantia de 10 anos. N\u00e3o \u00e9 necess\u00e1ria a troca ap\u00f3s este per\u00edodo, e sim retorno ao consult\u00f3rio para exame.<\/p>\n<p><strong>Sentar-se <\/strong><br \/>\nA pr\u00f3tese n\u00e3o interfere. A pr\u00f3tese (A) \u00e9 colocada entre a musculatura (B) e acima dos processos isqui\u00e1ticos que s\u00e3o o apoio ao sentar-se.<\/p>\n<p><strong>Inje\u00e7\u00f5es Intramusculares<\/strong><br \/>\nAp\u00f3s a coloca\u00e7\u00e3o da pr\u00f3tese fica proibido o uso de inje\u00e7\u00e3o nas n\u00e1degas. Orienta-se o uso da musculatura anterior da coxa ou do bra\u00e7o<\/p>\n<p><strong>PR\u00c9-OPERAT\u00d3RIO<\/strong><\/p>\n<p>1 - Exames complementares a serem especificados.<br \/>\n2 - Fotografia da regi\u00e3o \u00e9 importante para avalia\u00e7\u00e3o, programa\u00e7\u00e3o cir\u00fargica e documenta\u00e7\u00e3o.<br \/>\n3 - Providencie uma malha tipo bermuda para uso p\u00f3s-operat\u00f3rio e leve \u00e0 cl\u00ednica no dia da cirurgia<br \/>\n4 - Compare\u00e7a na cl\u00ednica no dia e hor\u00e1rio combinados.<br \/>\n5 - N\u00e3o leve para a cl\u00ednica joias e outro objetos de valor.<br \/>\n6 - N\u00e3o pinte as unhas.<br \/>\n7 - Qualquer intercorr\u00eancia como doen\u00e7as (gripe, febre, infec\u00e7\u00e3o) ou outros motivos que acarretem a suspens\u00e3o da cirurgia, avise com anteced\u00eancia.<br \/>\n8 - Pode ser feito uso de Arnica para evitar equimose (roxos). Este deve ser iniciado de uma semana a dez dias antes da cirurgia. Fa\u00e7a uma avalia\u00e7\u00e3o com o cl\u00ednico para orienta\u00e7\u00e3o de medica\u00e7\u00f5es pr\u00e9-operat\u00f3rias importantes na cicatriza\u00e7\u00e3o e equil\u00edbrio do organismo, visando uma melhor recupera\u00e7\u00e3o.<\/p>\n<p><strong>CUIDADOS<\/strong><\/p>\n<p>1 - Jejum de no m\u00ednimo 6 horas antes do in\u00edcio da cirurgia.<br \/>\n2 - Medica\u00e7\u00e3o para hipertens\u00e3o e outras doen\u00e7as deve ser informada para posterior orienta\u00e7\u00e3o.<br \/>\n3 - N\u00e3o tome medica\u00e7\u00e3o que contenha \u00e1cido acetil salic\u00edlico (ex.: AAS, Rhonal, Buferin, Aspirina), uma semana antes e uma semana ap\u00f3s a cirurgia porque aumenta o sangramento.<br \/>\n4 - Abandone medicamentos para emagrecimento 15 dias antes da cirurgia.<br \/>\n5 - N\u00e3o fume 15 dias antes e 15 dias ap\u00f3s a cirurgia. Que tal aproveitar para parar de fumar?<\/p>\n<p><strong>P\u00d3S-OPERAT\u00d3RIO<\/strong><\/p>\n<p><strong>Dor: <\/strong><br \/>\nPode existir uma sensa\u00e7\u00e3o de press\u00e3o que passa em 2 dias.<\/p>\n<p><strong>Tempo de Internamento: <\/strong><br \/>\nPoder\u00e1 permanecer 24 horas internada.<\/p>\n<p><strong>Primeiros Curativos: <\/strong><br \/>\nCurativos com atadura logo ap\u00f3s a cirurgia e coloca\u00e7\u00e3o de uma meia antitrombo, que dever\u00e1 permanecer por 30 dias.<\/p>\n<p><strong>Cuidados P\u00f3s-Operat\u00f3rios Gerais: <\/strong><br \/>\n\u00c9 permitido o paciente deambular e utilizar cal\u00e7ados de saltos moderados.<\/p>\n<p><strong>Banho: <\/strong><br \/>\nBanho de chuveiro normal ap\u00f3s a retirada das ataduras. Seque o local do curativo com secador de cabelos.<\/p>\n<p><strong>Alimenta\u00e7\u00e3o: <\/strong><br \/>\nNormal.<\/p>\n<p><strong>Equimoses: <\/strong><br \/>\nAs equimoses (roxos) s\u00e3o absorvidas no prazo de 7 a 10 dias, podendo ser usado pomada ou gel especial.<\/p>\n<p><strong>Retirada de Pontos: <\/strong><br \/>\nN\u00e3o h\u00e1 necessidade de retirar pontos, pois eles s\u00e3o internos e \u00e9 usada cola cir\u00fargica.<\/p>\n<p><strong>Esfor\u00e7os F\u00edsicos:<\/strong><br \/>\nN\u00e3o \u00e9 recomend\u00e1vel a pr\u00e1tica de muscula\u00e7\u00e3o por 4 meses. Outras atividades f\u00edsicas podem ser realizadas conforme orienta\u00e7\u00e3o.<\/p>\n<p><strong>Rela\u00e7\u00e3o Sexual: <\/strong><br \/>\n\u00c9 permitida, por\u00e9m o manuseio do gl\u00fateo no in\u00edcio deve seja moderado.<\/p>\n<p><strong>Massagem:<\/strong><br \/>\nMassagem p\u00f3s-operat\u00f3ria deve ser realizada rigorosamente no primeiro m\u00eas com o aux\u00edlio de profissional especializado (massagista ou fisioterapeuta). Ap\u00f3s este per\u00edodo, a pr\u00f3pria paciente pode continuar a massagem por no m\u00ednimo seis meses.<\/p>\n<p><strong>Sensibilidade:<\/strong><br \/>\nPode apresentar aumento ou diminui\u00e7\u00e3o da sensibilidade por um per\u00edodo de 2 meses.<br \/>\n1\u00aa Semana:<br \/>\nEvitar sentar-se.<\/p>\n<p><strong>Dormir:<\/strong><br \/>\nDormir de bru\u00e7os por 15 dias 15| Usar modelador e n\u00e3o dirigir por 30 dias<\/p>\n<p><strong>Nunca mais <\/strong><br \/>\ntomar inje\u00e7\u00e3o intramuscular nos gl\u00fateos, usar o bra\u00e7o ou musculatura anterior da coxa.<\/p>\n<p><strong>\"SER\u00c1 QUE ISTO VAI DESAPARECER?\"<\/strong><\/p>\n<p>Toda cirurgia envolve um per\u00edodo pr\u00f3prio de recupera\u00e7\u00e3o. D\u00ea tempo ao tempo, que seu organismo se encarregar\u00e1 de dissipar pequenos transtornos que infalivelmente chamar\u00e3o a aten\u00e7\u00e3o de alguma pessoa que n\u00e3o se furtar\u00e1 \u00e0 observa\u00e7\u00e3o: \"Ser\u00e1 que isto vai desaparecer?\" N\u00e3o deixe de nos transmitir qualquer tipo de preocupa\u00e7\u00e3o. Daremos os esclarecimentos necess\u00e1rios para sua tranquilidade.<\/p>\n<p><strong>RESULTADO<\/strong><\/p>\n<p>A partir do segundo m\u00eas acontece nova sess\u00e3o fotogr\u00e1fica para compara\u00e7\u00e3o do pr\u00e9 e p\u00f3s-operat\u00f3rio (antes e depois) at\u00e9 o 6\u00b0 m\u00eas. Ao 6\u00ba m\u00eas haver\u00e1 reavalia\u00e7\u00e3o para alta ou realiza\u00e7\u00e3o de algum retoque se necess\u00e1rio. O retoque, este considerado comum em cirurgia pl\u00e1stica, dever\u00e1 ser realizado ap\u00f3s o 6\u00ba m\u00eas e no prazo de at\u00e9 um ano ap\u00f3s a cirurgia.<\/p>\n<\/div>\n<\/div><\/div><\/div><\/div><\/div>","protected":false},"excerpt":{"rendered":"<p>PR\u00d3TESE GL\u00daTEA O QUE \u00c9 CIRURGIA DE PR\u00d3TESE GLUTEA? A gluteoplastia de aumento ou pr\u00f3tese gl\u00fatea \u00e9 a cirurgia de coloca\u00e7\u00e3o de pr\u00f3tese de silicone para o aumento do tamanho do gl\u00fateo. O QUE VOC\u00ca PRECISA SABER Cicatriz Quando procedemos a inclus\u00e3o da pr\u00f3tese, a cicatriz fica posicionada no sulco Inter gl\u00fateo, ficando em uma&hellip;&nbsp;<a href=\"https:\/\/anazulmirabadin.com.br\/site\/protese-glutea\/\" rel=\"bookmark\">Continue a ler &raquo;<span class=\"screen-reader-text\">PR\u00d3TESE GL\u00daTEA<\/span><\/a><\/p>\n","protected":false},"author":1,"featured_media":0,"parent":0,"menu_order":0,"comment_status":"closed","ping_status":"closed","template":"","meta":{"neve_meta_sidebar":"full-width","neve_meta_container":"","neve_meta_enable_content_width":"off","neve_meta_content_width":100,"neve_meta_title_alignment":"","neve_meta_author_avatar":"","neve_post_elements_order":"","neve_meta_disable_header":"","neve_meta_disable_footer":"","neve_meta_disable_title":"on","footnotes":""},"class_list":["post-110","page","type-page","status-publish","hentry"],"_links":{"self":[{"href":"https:\/\/anazulmirabadin.com.br\/site\/wp-json\/wp\/v2\/pages\/110","targetHints":{"allow":["GET"]}}],"collection":[{"href":"https:\/\/anazulmirabadin.com.br\/site\/wp-json\/wp\/v2\/pages"}],"about":[{"href":"https:\/\/anazulmirabadin.com.br\/site\/wp-json\/wp\/v2\/types\/page"}],"author":[{"embeddable":true,"href":"https:\/\/anazulmirabadin.com.br\/site\/wp-json\/wp\/v2\/users\/1"}],"replies":[{"embeddable":true,"href":"https:\/\/anazulmirabadin.com.br\/site\/wp-json\/wp\/v2\/comments?post=110"}],"version-history":[{"count":1,"href":"https:\/\/anazulmirabadin.com.br\/site\/wp-json\/wp\/v2\/pages\/110\/revisions"}],"predecessor-version":[{"id":112,"href":"https:\/\/anazulmirabadin.com.br\/site\/wp-json\/wp\/v2\/pages\/110\/revisions\/112"}],"wp:attachment":[{"href":"https:\/\/anazulmirabadin.com.br\/site\/wp-json\/wp\/v2\/media?parent=110"}],"curies":[{"name":"wp","href":"https:\/\/api.w.org\/{rel}","templated":true}]}}