{"id":105,"date":"2024-04-05T16:02:39","date_gmt":"2024-04-05T19:02:39","guid":{"rendered":"https:\/\/anazulmirabadin.com.br\/site\/?page_id=105"},"modified":"2024-04-10T14:52:58","modified_gmt":"2024-04-10T17:52:58","slug":"mamoplastia-redutora","status":"publish","type":"page","link":"https:\/\/anazulmirabadin.com.br\/site\/mamoplastia-redutora\/","title":{"rendered":"MAMOPLASTIA REDUTORA"},"content":{"rendered":"<div id=\"pl-105\"  class=\"panel-layout\" ><div id=\"pg-105-0\"  class=\"panel-grid panel-no-style\" ><div id=\"pgc-105-0-0\"  class=\"panel-grid-cell\" ><div id=\"panel-105-0-0-0\" class=\"so-panel widget widget_sow-image panel-first-child\" data-index=\"0\" ><div\n\t\t\t\n\t\t\tclass=\"so-widget-sow-image so-widget-sow-image-default-8b5b6f678277-105\"\n\t\t\t\n\t\t>\n<div class=\"sow-image-container\">\n\t\t<img loading=\"lazy\" decoding=\"async\" src=\"https:\/\/anazulmirabadin.com.br\/site\/wp-content\/uploads\/2024\/04\/mamoplastia-redutora-anazulmira.jpeg\" width=\"800\" height=\"533\" srcset=\"https:\/\/anazulmirabadin.com.br\/site\/wp-content\/uploads\/2024\/04\/mamoplastia-redutora-anazulmira.jpeg 800w, https:\/\/anazulmirabadin.com.br\/site\/wp-content\/uploads\/2024\/04\/mamoplastia-redutora-anazulmira-300x200.jpeg 300w, https:\/\/anazulmirabadin.com.br\/site\/wp-content\/uploads\/2024\/04\/mamoplastia-redutora-anazulmira-768x512.jpeg 768w, https:\/\/anazulmirabadin.com.br\/site\/wp-content\/uploads\/2024\/04\/mamoplastia-redutora-anazulmira-272x182.jpeg 272w, https:\/\/anazulmirabadin.com.br\/site\/wp-content\/uploads\/2024\/04\/mamoplastia-redutora-anazulmira-720x480.jpeg 720w\" sizes=\"auto, (max-width: 800px) 100vw, 800px\" alt=\"mamoplastia redutora ana zulmira cirurgia plastica curitiba\" \t\tclass=\"so-widget-image\"\/>\n\t<\/div>\n\n<\/div><\/div><div id=\"panel-105-0-0-1\" class=\"so-panel widget widget_sow-editor panel-last-child\" data-index=\"1\" ><div\n\t\t\t\n\t\t\tclass=\"so-widget-sow-editor so-widget-sow-editor-base\"\n\t\t\t\n\t\t>\n<div class=\"siteorigin-widget-tinymce textwidget\">\n\t<p><strong>MAMOPLASTIA REDUTORA<\/strong><\/p>\n<p><strong>O QUE \u00c9?<\/strong><\/p>\n<p><strong>Mamoplastia Redutora<\/strong><br \/>\n\u00e9 a redu\u00e7\u00e3o de volume mam\u00e1rio quando este apresenta-se exuberante.<\/p>\n<p><strong>Mastopexia<\/strong> \u00e9 a elimina\u00e7\u00e3o do excesso de pele quando esta apresenta flacidez importante, com eleva\u00e7\u00e3o da mama, mas sem redu\u00e7\u00e3o do volume<\/p>\n<p><strong>O QUE VOC\u00ca PRECISA SABER<\/strong><\/p>\n<p><strong>Cicatriz<br \/>\n<\/strong>Procuramos sempre deixar cicatrizes pequenas, por\u00e9m estas est\u00e3o relacionadas com o volume a ser retirado e com a flacidez existente. As cicatrizes podem ser em \"L\" ou \"T\" invertido ou periareolar, dependendo do caso.<\/p>\n<p>Recomendamos v\u00e1rios cuidados p\u00f3s-operat\u00f3rios para obten\u00e7\u00e3o de boa qualidade em rela\u00e7\u00e3o \u00e0s cicatrizes. No entanto, n\u00e3o podemos prever com exatid\u00e3o como v\u00e3o resultar, uma vez que isto tamb\u00e9m depende de fatores individuais. As cicatrizes passam por um processo evolutivo onde no in\u00edcio apresentam-se mais avermelhadas e endurecidas e depois tornam-se mais delgadas e p\u00e1lidas. Este processo \u00e9 lento e pode durar v\u00e1rios meses.<\/p>\n<p><strong>Anestesia<\/strong><br \/>\nPode ser com seda\u00e7\u00e3o local, peridural ou mesmo geral, conforme indica\u00e7\u00e3o do anestesiologista.<\/p>\n<p><strong>Tempo Cir\u00fargico<\/strong><br \/>\nEm torno de 1 hora e meia a 2 horas.<\/p>\n<p><strong>Idade<\/strong><br \/>\nUma vez que a mama tenha estacionado seu crescimento (quando n\u00e3o houver mais troca de soutien para n\u00fameros maiores)<\/p>\n<p><strong>Ap\u00f3s a gravidez<\/strong><br \/>\nA cirurgia s\u00f3 \u00e9 recomendada pelo menos seis meses ap\u00f3s o t\u00e9rmino da amamenta\u00e7\u00e3o.<\/p>\n<p><strong>PR\u00c9-OPERAT\u00d3RIO<\/strong><\/p>\n<p>1) Exames complementares a serem especificados.<br \/>\n2) Fotografia da regi\u00e3o, \u00e9 importante para avalia\u00e7\u00e3o, programa\u00e7\u00e3o cir\u00fargica<br \/>\ne documenta\u00e7\u00e3o.<br \/>\n3) Providencie soutien (tipo corpete) refor\u00e7ado (Yoga, De Millus, Du Loren etc.) do tamanho combinado previamente.<br \/>\n4) Compare\u00e7a na cl\u00ednica no dia e hor\u00e1rio combinados, de prefer\u00eancia acompanhada principalmente se a cirurgia for ambulatorial.<br \/>\n5) N\u00e3o leve para a cl\u00ednica joias e outros objetos de valor.<br \/>\n6) N\u00e3o pinte as unhas.<br \/>\n7) Qualquer intercorr\u00eancia como doen\u00e7as (gripe, febre, infec\u00e7\u00e3o) ou outros<br \/>\nmotivos que acarretem a suspens\u00e3o da cirurgia avise com anteced\u00eancia.<br \/>\n8) Pode ser feito uso de Arnica para evitar equimoses (roxos). Este deve ser iniciado de uma semana a dez dias antes da cirurgia. Fa\u00e7a uma avalia\u00e7\u00e3o com o cl\u00ednico para orienta\u00e7\u00e3o de medica\u00e7\u00f5es pr\u00e9-operat\u00f3rias importantes na cicatriza\u00e7\u00e3o e equil\u00edbrio do organismo, visando uma melhor recupera\u00e7\u00e3o.<\/p>\n<p><strong>CUIDADOS<\/strong><\/p>\n<p>1) Jejum no m\u00ednimo 6 horas antes do in\u00edcio da cirurgia.<br \/>\n2) Medica\u00e7\u00e3o para hipertens\u00e3o e outras doen\u00e7as deve ser informada<br \/>\npara posterior orienta\u00e7\u00e3o.<br \/>\n3) N\u00e3o tome medica\u00e7\u00e3o que contenha \u00e1cido acetil salic\u00edlico (ex: AAS, Rhonal, Buferin, Aspirina) uma semana entes e uma semana ap\u00f3s a cirurgia porque aumenta o sangramento.<br \/>\n4) Abandone medicamentos para emagrecimento 15 dias antes cirurgia.<br \/>\n5)N\u00e3o fume 15 dias antes e 15 dias ap\u00f3s a cirurgia. Que tal aproveitar para parar de fumar?<\/p>\n<p><strong>P\u00d3S-OPERATORIO<\/strong><\/p>\n<p><strong>Dor<\/strong><br \/>\nDepende da sensibilidade individual, mas normalmente \u00e9 pouco dolorosa.<\/p>\n<p><strong>Tempo de Internamento<\/strong><br \/>\nGeralmente, de 24 horas de internamento ambulatorial.<\/p>\n<p><strong>Primeiros Curativos<\/strong><br \/>\nCurativo com atadura logo ap\u00f3s a cirurgia, e coloca\u00e7\u00e3o do soutien ap\u00f3s 24horas. Uso de micropore (25 e 50mm) por dois meses com troca semanal.<\/p>\n<p><strong>Postura<\/strong><br \/>\nA mais ereta poss\u00edvel.<\/p>\n<p><strong>Banho<\/strong><br \/>\nBanho de chuveiro normal ap\u00f3s 24horas. Seque o micropore com secador de cabelo.<\/p>\n<p><strong>Vestimentas<\/strong><br \/>\nProcure usar roupas abertas na frente. Use o soutien dia e noite, durante dois meses.<\/p>\n<p><strong>Alimenta\u00e7\u00e3o<\/strong><br \/>\nNormal.<\/p>\n<p><strong>Equimoses<\/strong><br \/>\nAs equimoses (roxos) s\u00e3o absorvidas no prazo de 7 a 10 dias podendo ser usado pomadas ou gel especiais.<\/p>\n<p><strong>Pontos<\/strong><br \/>\nN\u00e3o h\u00e1 retiradas de pontos, umas vezes que eles s\u00e3o internos<\/p>\n<p><strong>Esfor\u00e7os F\u00edsicos<\/strong><br \/>\nDurante um m\u00eas, n\u00e3o eleve os bra\u00e7os acima dos ombros, n\u00e3o dirija e n\u00e3o erga peso. Gin\u00e1stica e nata\u00e7\u00e3o, somente ap\u00f3s quatro meses.<\/p>\n<p><strong>Rela\u00e7\u00e3o Sexual<\/strong><br \/>\nCom modera\u00e7\u00e3o, assim que sinta condi\u00e7\u00f5es<\/p>\n<p><strong>Sol<\/strong><br \/>\nN\u00e3o se exponha no sol durante 30 dias<\/p>\n<p><strong>Forma<\/strong><br \/>\nA forma inicial das mamas sofre altera\u00e7\u00e3o, ocorrendo uma discreta rota\u00e7\u00e3o uma das mesmas, dando a elas forma natural de gota. A forma final est\u00e1 relacionada com o tipo de pele e consist\u00eancia das mamas.<\/p>\n<p><strong>Sensibilidade<\/strong><br \/>\nPode acontecer altera\u00e7\u00e3o da sensibilidade das mamas para<br \/>\nmais ou para menos durante um per\u00edodo de mais ou menos 2<br \/>\nmeses, m\u00e1s \u00e9 transit\u00f3rio.<\/p>\n<p><strong>\"SER\u00c1 QUE ISTO VAI DESAPARECER?\"<\/strong><\/p>\n<p>Toda cirurgia envolve um per\u00edodo pr\u00f3prio de recupera\u00e7\u00e3o. D\u00ea tempo ao tempo, que seu organismo se encarregar\u00e1 de dissipar pequenos transtornos que infalivelmente chamar\u00e3o a aten\u00e7\u00e3o de alguma pessoa que n\u00e3o se furtar\u00e1 \u00e0 observa\u00e7\u00e3o: \"Ser\u00e1 que isto vai desaparecer?\" N\u00e3o deixe de nos transmitir qualquer tipo de preocupa\u00e7\u00e3o. Daremos os esclarecimentos necess\u00e1rios para sua tranquilidade.<\/p>\n<p><strong>RESULTADO<\/strong><\/p>\n<p>A partir do quarto m\u00eas acontece nova sess\u00e3o fotogr\u00e1fica para compara\u00e7\u00e3o do pr\u00e9 e p\u00f3s-operat\u00f3rio (antes e depois). Esta reavalia\u00e7\u00e3o que poder\u00e1 indicar a necessidade de algum retoque, procedimento este considerado comum em cirurgia pl\u00e1stica, e dever\u00e1 ser realizado ap\u00f3s o 6 m\u00eas e no prazo de at\u00e9 10 meses ap\u00f3s a cirurgia.<\/p>\n<\/div>\n<\/div><\/div><\/div><\/div><\/div>","protected":false},"excerpt":{"rendered":"<p>MAMOPLASTIA REDUTORA O QUE \u00c9? Mamoplastia Redutora \u00e9 a redu\u00e7\u00e3o de volume mam\u00e1rio quando este apresenta-se exuberante. Mastopexia \u00e9 a elimina\u00e7\u00e3o do excesso de pele quando esta apresenta flacidez importante, com eleva\u00e7\u00e3o da mama, mas sem redu\u00e7\u00e3o do volume O QUE VOC\u00ca PRECISA SABER Cicatriz Procuramos sempre deixar cicatrizes pequenas, por\u00e9m estas est\u00e3o relacionadas com&hellip;&nbsp;<a href=\"https:\/\/anazulmirabadin.com.br\/site\/mamoplastia-redutora\/\" rel=\"bookmark\">Continue a ler &raquo;<span class=\"screen-reader-text\">MAMOPLASTIA REDUTORA<\/span><\/a><\/p>\n","protected":false},"author":1,"featured_media":0,"parent":0,"menu_order":0,"comment_status":"closed","ping_status":"closed","template":"","meta":{"neve_meta_sidebar":"full-width","neve_meta_container":"","neve_meta_enable_content_width":"off","neve_meta_content_width":100,"neve_meta_title_alignment":"","neve_meta_author_avatar":"","neve_post_elements_order":"","neve_meta_disable_header":"","neve_meta_disable_footer":"","neve_meta_disable_title":"on","footnotes":""},"class_list":["post-105","page","type-page","status-publish","hentry"],"_links":{"self":[{"href":"https:\/\/anazulmirabadin.com.br\/site\/wp-json\/wp\/v2\/pages\/105","targetHints":{"allow":["GET"]}}],"collection":[{"href":"https:\/\/anazulmirabadin.com.br\/site\/wp-json\/wp\/v2\/pages"}],"about":[{"href":"https:\/\/anazulmirabadin.com.br\/site\/wp-json\/wp\/v2\/types\/page"}],"author":[{"embeddable":true,"href":"https:\/\/anazulmirabadin.com.br\/site\/wp-json\/wp\/v2\/users\/1"}],"replies":[{"embeddable":true,"href":"https:\/\/anazulmirabadin.com.br\/site\/wp-json\/wp\/v2\/comments?post=105"}],"version-history":[{"count":3,"href":"https:\/\/anazulmirabadin.com.br\/site\/wp-json\/wp\/v2\/pages\/105\/revisions"}],"predecessor-version":[{"id":321,"href":"https:\/\/anazulmirabadin.com.br\/site\/wp-json\/wp\/v2\/pages\/105\/revisions\/321"}],"wp:attachment":[{"href":"https:\/\/anazulmirabadin.com.br\/site\/wp-json\/wp\/v2\/media?parent=105"}],"curies":[{"name":"wp","href":"https:\/\/api.w.org\/{rel}","templated":true}]}}