{"id":101,"date":"2024-04-05T15:59:33","date_gmt":"2024-04-05T18:59:33","guid":{"rendered":"https:\/\/anazulmirabadin.com.br\/site\/?page_id=101"},"modified":"2024-04-05T16:00:06","modified_gmt":"2024-04-05T19:00:06","slug":"lipoaspiracao","status":"publish","type":"page","link":"https:\/\/anazulmirabadin.com.br\/site\/lipoaspiracao\/","title":{"rendered":"LIPOASPIRA\u00c7\u00c3O"},"content":{"rendered":"<div id=\"pl-101\"  class=\"panel-layout\" ><div id=\"pg-101-0\"  class=\"panel-grid panel-no-style\" ><div id=\"pgc-101-0-0\"  class=\"panel-grid-cell\" ><div id=\"panel-101-0-0-0\" class=\"so-panel widget widget_sow-image panel-first-child\" data-index=\"0\" ><div\n\t\t\t\n\t\t\tclass=\"so-widget-sow-image so-widget-sow-image-default-8b5b6f678277-101\"\n\t\t\t\n\t\t>\n<div class=\"sow-image-container\">\n\t\t<img loading=\"lazy\" decoding=\"async\" src=\"https:\/\/anazulmirabadin.com.br\/site\/wp-content\/uploads\/2024\/04\/LIPOASPIRACAO.jpg\" width=\"800\" height=\"535\" srcset=\"https:\/\/anazulmirabadin.com.br\/site\/wp-content\/uploads\/2024\/04\/LIPOASPIRACAO.jpg 800w, https:\/\/anazulmirabadin.com.br\/site\/wp-content\/uploads\/2024\/04\/LIPOASPIRACAO-300x201.jpg 300w, https:\/\/anazulmirabadin.com.br\/site\/wp-content\/uploads\/2024\/04\/LIPOASPIRACAO-768x514.jpg 768w, https:\/\/anazulmirabadin.com.br\/site\/wp-content\/uploads\/2024\/04\/LIPOASPIRACAO-272x182.jpg 272w\" sizes=\"auto, (max-width: 800px) 100vw, 800px\" alt=\"lipoapira\u00e7\u00e3o ana zulmira badin\" \t\tclass=\"so-widget-image\"\/>\n\t<\/div>\n\n<\/div><\/div><div id=\"panel-101-0-0-1\" class=\"so-panel widget widget_sow-editor panel-last-child\" data-index=\"1\" ><div\n\t\t\t\n\t\t\tclass=\"so-widget-sow-editor so-widget-sow-editor-base\"\n\t\t\t\n\t\t>\n<div class=\"siteorigin-widget-tinymce textwidget\">\n\t<p><strong>LIPOASPIRA\u00c7\u00c3O<\/strong><\/p>\n<p><strong>O QUE \u00c9?<\/strong><\/p>\n<p>Lipoaspira\u00e7\u00e3o \u00e9 uma t\u00e9cnica em cirurgia pl\u00e1stica que possibilita a retirada de gordura localizada. No processo de lipoaspira\u00e7\u00e3o convencional introduzimos, atrav\u00e9s de um pequeno orif\u00edcio, uma c\u00e2nula de mais ou menos 3 mm de di\u00e2metro na regi\u00e3o determinada no corpo e, por movimentos de vai-e-vem, retiramos a gordura.<\/p>\n<p><strong>Laser lip\u00f3lise \u00e9 menos traum\u00e1tica<\/strong><\/p>\n<p>Hoje, encontramos um grande avan\u00e7o tecnol\u00f3gico na t\u00e9cnica de lipoaspira\u00e7\u00e3o. Trata-se do laser <strong>lip\u00f3lise<\/strong> que \u00e9 a lipoaspira\u00e7\u00e3o com aux\u00edlio do laser. A c\u00e2nula, de apenas 1 mm, tem um laser na extremidade que, ao atingir a c\u00e9lula de gordura, rompe-a e torna a aspira\u00e7\u00e3o da gordura liquefeita mais f\u00e1cil. \u00c9 um processo menos traum\u00e1tico, possibilitando menos hematomas (roxos), menos edemas (incha\u00e7os), menor sangramento e menos dor p\u00f3s-operat\u00f3ria. H\u00e1 maior homogeneidade de resultado.<\/p>\n<p><strong>Lipoescultura<\/strong><br \/>\nA <strong>lipoescultura<\/strong>, trata-se da retirada de gordura de algumas \u00e1reas mais proeminentes para a reinje\u00e7\u00e3o da mesma em regi\u00f5es com depress\u00e3o ou falta de volume. Neste caso, \u00e9 necess\u00e1rio realizar a lipoaspira\u00e7\u00e3o convencional porque necessitamos de gordura integral para injetar nas \u00e1reas a serem preenchidas.<\/p>\n<p>Importante lembrar que utilizamos a lipoaspira\u00e7\u00e3o somente para gorduras localizadas em regi\u00f5es onde n\u00e3o existia flacidez. E mais: a lipoaspira\u00e7\u00e3o n\u00e3o trata celulite.<\/p>\n<p><strong>Boa Not\u00edcia:<\/strong> a gordura aspirada n\u00e3o retorna. A quantidade de c\u00e9lulas de gordura diminui e as restantes n\u00e3o se multiplicam. Se tem um volume Xe deixamos Y depois da lipoaspira\u00e7\u00e3o, sempre ser\u00e1 mantido este volume Y. Mesmo que o paciente engorde, ele manter\u00e1 o mesmo contorno deixado pela lipoaspira\u00e7\u00e3o.<\/p>\n<p><strong>O QUE VOC\u00ca PRECISA SABER<\/strong><\/p>\n<p><strong>T\u00e9cnica<\/strong><br \/>\nUtilizamos a lipoaspira\u00e7\u00e3o \u00famida onde injetamos, antes de lipoaspirar, uma solu\u00e7\u00e3o com adrenalina para diminuir o sangramento (tumescente)<\/p>\n<p><strong>Anestesia<\/strong><br \/>\nPode ser local, peridural ou mesmo geral, dependendo do n\u00famero de \u00e1reas a serem lipoaspiradas.<\/p>\n<p><strong>Tempo Cir\u00fargico<\/strong><br \/>\nAproximadamente de 1 a 2 horas, dependendo do volume a ser aspirado.<\/p>\n<p><strong>Riscos<\/strong><br \/>\nAs chances s\u00e3o pequenas, mas pode ocorrer por exemplo sangramentos e hematomas, as \u00e1reas de gordura localizada n\u00e3o apresentam vasos de grande calibre. No entanto, ao efetuarmos uma lipoaspira\u00e7\u00e3o muito extensa, programa-se uma autotransfus\u00e3o (reserva de sangue do pr\u00f3prio paciente).<br \/>\nObs.: esta preocupa\u00e7\u00e3o com perda sangu\u00ednea \u00e9 bem menor num procedimento de laserlip\u00f3lise.<\/p>\n<p><strong>PR\u00c9-OPERAT\u00d3RIO<\/strong><\/p>\n<p>1) Exames complementares a serem especificados.<br \/>\n2) Fotografia da(s) regi\u00f5es a serem lipoaspiradas, \u00e9 importante para avalia\u00e7\u00e3o, programa\u00e7\u00e3o cir\u00fargica e documenta\u00e7\u00e3o.<br \/>\n3) Providencie um modelador (cinta) e leve-o \u00e0 cl\u00ednica no dia da cirurgia.<br \/>\n4)Compare\u00e7a na cl\u00ednica no dia e hor\u00e1rio combinados, de prefer\u00eancia acompanhado(a). 5) N\u00e3o leve para a cl\u00ednica joias e outros objetos de valor.<br \/>\n6) N\u00e3o pinte as unhas.<br \/>\n7) Qualquer intercorr\u00eancia com doen\u00e7as como (gripe, febre, infec\u00e7\u00e3o) ou outros motivos que acarretam a suspens\u00e3o da cirurgia, avise com anteced\u00eancia.<br \/>\n8) Pode ser feito uso de Arnica para evitar equimoses (roxos). Este deve ser iniciado de uma semana h\u00e1 dez dias antes da cirurgia. Fa\u00e7a uma avalia\u00e7\u00e3o com o cl\u00ednico para orienta\u00e7\u00e3o de medica\u00e7\u00f5es pr\u00e9-operat\u00f3rias importantes na cicatriza\u00e7\u00e3o e equil\u00edbrio do organismo, visando uma melhor recupera\u00e7\u00e3o.<\/p>\n<p><strong>CUIDADOS<\/strong><\/p>\n<p>1) Jejum no m\u00ednimo 6 horas antes do in\u00edcio da cirurgia.<br \/>\n2) Medica\u00e7\u00f5es para hipertens\u00e3o e outras doen\u00e7as deve ser informada para posterior orienta\u00e7\u00e3o<br \/>\n3) N\u00e3o tome medica\u00e7\u00e3o que contenha \u00e1cido acetil salic\u00edlico (ex: AAS, Rhonal, Buferrin, Aspirina) uma semana antes e uma semana ap\u00f3s a cirurgia. Porque aumenta o sangramento.<br \/>\n4) Abandone medicamentos para emagrecimento 15 dias antes da cirurgia.<br \/>\n5) N\u00e3o fume 15 dias antes e 15 dias ap\u00f3s a cirurgia.<br \/>\nQue tal aproveitar para parar de fumar?<\/p>\n<p><strong>P\u00d3S-OPERAT\u00d3RIO<\/strong><\/p>\n<p><strong>Dor<\/strong><br \/>\nN\u00e3o \u00e9 significativa, por\u00e9m a sensibilidade \u00e9 individual.<\/p>\n<p><strong>Tempo de Internamento<\/strong><br \/>\nGeralmente, de 48 horas ou ambulatorial.<\/p>\n<p><strong>Primeiros Curativos<\/strong><br \/>\nCurativo com atadura logo ap\u00f3s a cirurgia, o qual ser\u00e1 trocado no primeiro dia por modelador.<\/p>\n<p><strong>Banho<\/strong><br \/>\nBanho de chuveiro, 24 horas ap\u00f3s a alta. Seque o micropore com secador de cabelo.<\/p>\n<p><strong>Alimenta\u00e7\u00e3o<\/strong><br \/>\nNormal.<\/p>\n<p><strong>Esfor\u00e7os F\u00edsicos<\/strong><br \/>\nS\u00e3o permitidos, inclusive dirigir.<\/p>\n<p><strong>Retirada dos Pontos<\/strong><br \/>\nAp\u00f3s 7 dias.<\/p>\n<p><strong>Modelador<\/strong><br \/>\nUso constante, dia e noite, durante 30 dias.<\/p>\n<p><strong>Sol<\/strong><br \/>\nExponha o abdome ao sol somente ap\u00f3s um m\u00eas.<\/p>\n<p><strong>Massagem<\/strong><br \/>\n\u00c9 recomendada a massagem suave de drenagem linf\u00e1tica durante 2 meses, a qual auxilia na recupera\u00e7\u00e3o diminuindo o edema (incha\u00e7o) mais rapidamente e ajudando na dissolu\u00e7\u00e3o de pequenos hematomas.<\/p>\n<p><strong>Sensibilidade<\/strong><br \/>\nNormalmente ocorre uma diminui\u00e7\u00e3o de sensibilidade da regi\u00e3o. A recupera\u00e7\u00e3o \u00e9 gradativa.<\/p>\n<p><strong>SER\u00c1 QUE ISTO VAI DESAPARECER?<\/strong><br \/>\nToda cirurgia envolve um per\u00edodo pr\u00f3prio de recupera\u00e7\u00e3o. D\u00ea tempo ao tempo, que seu organismo se encarregar\u00e1 de dissipar pequenos transtornos que infalivelmente chamar\u00e3o a aten\u00e7\u00e3o de alguma pessoa que n\u00e3o se furtar\u00e1 \u00e0 observa\u00e7\u00e3o: \"Ser\u00e1 que isto vai desaparecer?\" N\u00e3o deixe de nos transmitir qualquer tipo de preocupa\u00e7\u00e3o. Daremos os esclarecimentos necess\u00e1rios para sua tranquilidade.<\/p>\n<p><strong>RESULTADO<\/strong><br \/>\nNo in\u00edcio, pouco se percebe o resultado da opera\u00e7\u00e3o devido ao edema (incha\u00e7o). No entanto, conforme a regi\u00e3o vai desinchando e as \u00e1reas tomando consist\u00eancia normal, percebe-se cada vez mais a diferen\u00e7a. O resultado aparece normalmente em torno do segundo m\u00eas p\u00f3s-operat\u00f3rio.<br \/>\nConsideramos o resultado definitivo a partir do quarto m\u00eas, quando ent\u00e3o realiza-se nova sess\u00e3o fotogr\u00e1fica para compara\u00e7\u00e3o do pr\u00e9 e p\u00f3s-operat\u00f3rio (antes e depois). Esta reavalia\u00e7\u00e3o pode indicar a necessidade de algum retoque, procedimento considerado comum em cirurgia pl\u00e1stica, principalmente se era grande o volume a ser lipoaspirado. Havendo esta necessidade, o retoque deve ser realizado ap\u00f3s 6 m\u00eas e no prazo m\u00e1ximo de 10 meses ap\u00f3s a cirurgia.<\/p>\n<\/div>\n<\/div><\/div><\/div><\/div><\/div>","protected":false},"excerpt":{"rendered":"<p>LIPOASPIRA\u00c7\u00c3O O QUE \u00c9? Lipoaspira\u00e7\u00e3o \u00e9 uma t\u00e9cnica em cirurgia pl\u00e1stica que possibilita a retirada de gordura localizada. No processo de lipoaspira\u00e7\u00e3o convencional introduzimos, atrav\u00e9s de um pequeno orif\u00edcio, uma c\u00e2nula de mais ou menos 3 mm de di\u00e2metro na regi\u00e3o determinada no corpo e, por movimentos de vai-e-vem, retiramos a gordura. Laser lip\u00f3lise \u00e9&hellip;&nbsp;<a href=\"https:\/\/anazulmirabadin.com.br\/site\/lipoaspiracao\/\" rel=\"bookmark\">Continue a ler &raquo;<span class=\"screen-reader-text\">LIPOASPIRA\u00c7\u00c3O<\/span><\/a><\/p>\n","protected":false},"author":1,"featured_media":0,"parent":0,"menu_order":0,"comment_status":"closed","ping_status":"closed","template":"","meta":{"neve_meta_sidebar":"full-width","neve_meta_container":"","neve_meta_enable_content_width":"off","neve_meta_content_width":100,"neve_meta_title_alignment":"","neve_meta_author_avatar":"","neve_post_elements_order":"","neve_meta_disable_header":"","neve_meta_disable_footer":"","neve_meta_disable_title":"on","footnotes":""},"class_list":["post-101","page","type-page","status-publish","hentry"],"_links":{"self":[{"href":"https:\/\/anazulmirabadin.com.br\/site\/wp-json\/wp\/v2\/pages\/101","targetHints":{"allow":["GET"]}}],"collection":[{"href":"https:\/\/anazulmirabadin.com.br\/site\/wp-json\/wp\/v2\/pages"}],"about":[{"href":"https:\/\/anazulmirabadin.com.br\/site\/wp-json\/wp\/v2\/types\/page"}],"author":[{"embeddable":true,"href":"https:\/\/anazulmirabadin.com.br\/site\/wp-json\/wp\/v2\/users\/1"}],"replies":[{"embeddable":true,"href":"https:\/\/anazulmirabadin.com.br\/site\/wp-json\/wp\/v2\/comments?post=101"}],"version-history":[{"count":2,"href":"https:\/\/anazulmirabadin.com.br\/site\/wp-json\/wp\/v2\/pages\/101\/revisions"}],"predecessor-version":[{"id":104,"href":"https:\/\/anazulmirabadin.com.br\/site\/wp-json\/wp\/v2\/pages\/101\/revisions\/104"}],"wp:attachment":[{"href":"https:\/\/anazulmirabadin.com.br\/site\/wp-json\/wp\/v2\/media?parent=101"}],"curies":[{"name":"wp","href":"https:\/\/api.w.org\/{rel}","templated":true}]}}